{"id":724,"date":"2025-09-22T12:51:12","date_gmt":"2025-09-22T10:51:12","guid":{"rendered":"https:\/\/www.akiyama.dk\/?page_id=724"},"modified":"2026-01-02T20:04:12","modified_gmt":"2026-01-02T19:04:12","slug":"seitei-lejr-2026","status":"publish","type":"page","link":"https:\/\/www.akiyama.dk\/en\/seitei-lejr-2026\/","title":{"rendered":"Seitei lejr 2026"},"content":{"rendered":"\n<h2 class=\"wp-block-heading\" id=\"block-c073a536-59a6-4b75-ad3f-099568b2c989\">Kom at tr\u00e6ne Seitei Jodo og Iaido i Vissenbjerg i Feb\/Mar 2026<\/h2>\n\n\n\n<p id=\"block-c073a536-59a6-4b75-ad3f-099568b2c989\">Det er med stor gl\u00e6de, at Akiyama Budokai i Vissenbjerg indbyder til Danmarks eneste seminar i <em>Zen Nippon Kendo Renmeis (ZNKR) Iaido og Jodo! <\/em><br>Dertil er det med stolthed og taknemlighed, at vi kan sige, at fem virkelig dygtige budoka har tilbudt at undervise og bed\u00f8mme iaido gradueringer op til 3. dan: Vi byder velkommen til <mark style=\"background-color:rgba(0, 0, 0, 0)\" class=\"has-inline-color has-blue-color\"><strong>Rickard von Haugwitz<\/strong>, <strong>Caroline Lindholm<\/strong>, <strong>Leif Sunje<\/strong>, <strong>Fredrik Broman og<\/strong> <strong>Johan R\u00f6nndahl<\/strong><\/mark><strong>.<\/strong> Tilmelding nederst p\u00e5 denne side.<\/p>\n\n\n\n<p id=\"block-43bb6dc1-f0fb-4a52-b9eb-45c265148f33\">Alle grader af f\u00e6rdighed er velkomne &#8211; fra begyndere til dygtige: Vi skal bare tr\u00e6ne!<\/p>\n\n\n\n<figure class=\"wp-block-image size-large\"><img loading=\"lazy\" decoding=\"async\" width=\"1024\" height=\"663\" src=\"https:\/\/www.akiyama.dk\/wp-content\/uploads\/2025\/12\/Gruppebillede-1-1024x663.jpg\" alt=\"\" class=\"wp-image-771\" srcset=\"https:\/\/www.akiyama.dk\/wp-content\/uploads\/2025\/12\/Gruppebillede-1-1024x663.jpg 1024w, https:\/\/www.akiyama.dk\/wp-content\/uploads\/2025\/12\/Gruppebillede-1-300x194.jpg 300w, https:\/\/www.akiyama.dk\/wp-content\/uploads\/2025\/12\/Gruppebillede-1-768x497.jpg 768w, https:\/\/www.akiyama.dk\/wp-content\/uploads\/2025\/12\/Gruppebillede-1-1536x994.jpg 1536w, https:\/\/www.akiyama.dk\/wp-content\/uploads\/2025\/12\/Gruppebillede-1-2048x1325.jpg 2048w, https:\/\/www.akiyama.dk\/wp-content\/uploads\/2025\/12\/Gruppebillede-1-18x12.jpg 18w\" sizes=\"auto, (max-width: 1024px) 100vw, 1024px\" \/><figcaption class=\"wp-element-caption\">Mange af deltagerne til seminaret i 2025 &#8211; kom og v\u00e6r med i 2026!<\/figcaption><\/figure>\n\n\n\n<ul id=\"block-77c43591-5ec6-4241-b644-dd4223eab774\" class=\"wp-block-list\">\n<li><strong>Tid<\/strong>: D. 28. feb. &#8211; 1. marts<br>F\u00f8rste tr\u00e6ning er l\u00f8rdag kl. 10, og vi slutter s\u00f8ndag kl. 15. Der er mulighed for ankomst allerede fredag d. 15. Der er mulighed for gradueringer s\u00f8ndag &#8211; op til 3. dan i iaido. Husk tilmelding p\u00e5 DKF&#8217;s hjemmeside, se link herunder.<\/li>\n\n\n\n<li><strong>Sted<\/strong>: Vissenbjerg Skole, S\u00f8nders\u00f8vej 14, 5492 Vissenbjerg, Danmark.<\/li>\n\n\n\n<li><strong>Overnatning<\/strong>: P\u00e5 skolen (gratis) eller p\u00e5 Vissenbjerg Storkro 100 m derfra. \n<ul class=\"wp-block-list\">\n<li>Overnatning p\u00e5 skolen sker i klasselokaler, ikke i tr\u00e6ningssalen. Medbring selv alt grej til sovepladsen. Bygningen afl\u00e5ses, og sv\u00e6rd l\u00e5ses yderligere inde i et rum.<\/li>\n<\/ul>\n<\/li>\n\n\n\n<li><strong>Spisning<\/strong>: Prisen indeholder frokost begge dage samt aftensmad l\u00f8rdag. Vi har adgang til skolek\u00f8kkenet; medbring, hvad du vil spise til morgenmad og drikke undervejs. (Der er to supermarkeder lige i n\u00e6rheden.)<\/li>\n\n\n\n<li><strong>Pris<\/strong>: Betalingsinformation fremsendes, n\u00e5r du har indsendt formularen herunder. Betales senest l\u00f8rdag d. 14. februar. Refusion er ikke mulig efter d. 1\/2.\n<ul class=\"wp-block-list\">\n<li>Priser er <strong>INKLUSIV <\/strong>frokost begge dage samt middag l\u00f8rdag (og evt. overnatning p\u00e5 skolen).<\/li>\n\n\n\n<li>DKK 750 for begge dage<\/li>\n\n\n\n<li>DKK 1400 Instrukt\u00f8rtr\u00e6ning med fokus p\u00e5 rettelser og principper<\/li>\n<\/ul>\n<\/li>\n\n\n\n<li><strong>Program<\/strong>: Se forel\u00f8bigt program nederst p\u00e5 siden.\n<ul class=\"wp-block-list\">\n<li>Hvis du skal gradueres, s\u00e5 l\u00e6s mere <a href=\"https:\/\/www.akiyama.dk\/znkr-gradueringer-via-dansk-kendo-forbund\/\">her <\/a>&#8211; du skal tilmelde dig og betale til Dansk Kendo Forbund.<\/li>\n<\/ul>\n<\/li>\n<\/ul>\n\n\n\n<hr class=\"wp-block-separator has-alpha-channel-opacity\" id=\"block-df3ea0a9-46d8-4aa3-91cd-07861bc20df5\"\/>\n\n\n\n<ul class=\"wp-block-list\">\n<li><a href=\"https:\/\/www.akiyama.dk\/znkr-gradueringer-via-dansk-kendo-forbund\/\">Mere information om gradueringer (obligatorisk for at blive gradueret)<\/a><\/li>\n\n\n\n<li><a href=\"https:\/\/www.akiyama.dk\/seitei-lejr-marts-2024-om-underviserne\/\">Mere information om underviserne<\/a><\/li>\n\n\n\n<li>Tilmelding: Nederst p\u00e5 denne side<\/li>\n<\/ul>\n\n\n\n<hr class=\"wp-block-separator has-alpha-channel-opacity is-style-default\"\/>\n\n\n\n<h2 class=\"wp-block-heading\" id=\"block-42eb33e8-2e77-45cf-a0f3-b2873b53756b\">Program (forel\u00f8bigt)<\/h2>\n\n\n\n<figure class=\"wp-block-image\" id=\"block-a98bb881-e335-4a18-b13e-428ba87d34bd\"><img decoding=\"async\" src=\"https:\/\/www.akiyama.dk\/wp-content\/uploads\/2024\/01\/Seitei-draftschedule.png\" alt=\"Dette billede har en tom ALT-egenskab (billedbeskrivelse). Filnavnet er Seitei-draftschedule.png\"\/><\/figure>\n\n\n\n<h2 class=\"wp-block-heading\">Tilmeldning<\/h2>\n\n\n<style id=\"wpforms-css-vars-728-block-e0752609-2b2c-4b43-9173-b289ebd51429\">\n\t\t\t\t#wpforms-728.wpforms-block-e0752609-2b2c-4b43-9173-b289ebd51429 {\n\t\t\t\t--wpforms-field-size-input-height: 43px;\n--wpforms-field-size-input-spacing: 15px;\n--wpforms-field-size-font-size: 16px;\n--wpforms-field-size-line-height: 19px;\n--wpforms-field-size-padding-h: 14px;\n--wpforms-field-size-checkbox-size: 16px;\n--wpforms-field-size-sublabel-spacing: 5px;\n--wpforms-field-size-icon-size: 1;\n--wpforms-label-size-font-size: 16px;\n--wpforms-label-size-line-height: 19px;\n--wpforms-label-size-sublabel-font-size: 14px;\n--wpforms-label-size-sublabel-line-height: 17px;\n--wpforms-button-size-font-size: 17px;\n--wpforms-button-size-height: 41px;\n--wpforms-button-size-padding-h: 15px;\n--wpforms-button-size-margin-top: 10px;\n\t\t\t}\n\t\t\t<\/style><div class=\"wpforms-container wpforms-container-full wpforms-block wpforms-block-e0752609-2b2c-4b43-9173-b289ebd51429 wpforms-render-modern\" id=\"wpforms-728\"><form id=\"wpforms-form-728\" class=\"wpforms-validate wpforms-form wpforms-ajax-form\" data-formid=\"728\" method=\"post\" enctype=\"multipart\/form-data\" action=\"\/en\/wp-json\/wp\/v2\/pages\/724\" data-token=\"033f14410172403c7dc7fd57bfd6c501\" data-token-time=\"1775262168\"><noscript class=\"wpforms-error-noscript\">Please enable JavaScript in your browser to complete this form.<\/noscript><div id=\"wpforms-error-noscript\" style=\"display: none;\">Please enable JavaScript in your browser to complete this form.<\/div><div class=\"wpforms-field-container\"><div id=\"wpforms-728-field_1-container\" class=\"wpforms-field wpforms-field-name\" data-field-id=\"1\"><label class=\"wpforms-field-label\" for=\"wpforms-728-field_1\">Navn <span class=\"wpforms-required-label\" aria-hidden=\"true\">*<\/span><\/label><input type=\"text\" id=\"wpforms-728-field_1\" class=\"wpforms-field-medium wpforms-field-required\" name=\"wpforms[fields][1]\" aria-errormessage=\"wpforms-728-field_1-error\" required><\/div><div id=\"wpforms-728-field_2-container\" class=\"wpforms-field wpforms-field-email\" data-field-id=\"2\"><label class=\"wpforms-field-label\" for=\"wpforms-728-field_2\">E-mail (bruges kun til kommunikation om lejren) <span class=\"wpforms-required-label\" aria-hidden=\"true\">*<\/span><\/label><input type=\"email\" id=\"wpforms-728-field_2\" class=\"wpforms-field-medium wpforms-field-required\" name=\"wpforms[fields][2]\" spellcheck=\"false\" aria-errormessage=\"wpforms-728-field_2-error\" required><\/div><div id=\"wpforms-728-field_12-container\" class=\"wpforms-field wpforms-field-checkbox\" data-field-id=\"12\"><fieldset><legend class=\"wpforms-field-label\">Jeg \u00f8nsker prim\u00e6rt at deltage i:<\/legend><ul id=\"wpforms-728-field_12\" data-choice-limit=\"3\"><li class=\"choice-1 depth-1\"><input type=\"checkbox\" id=\"wpforms-728-field_12_1\" data-rule-check-limit=\"true\" name=\"wpforms[fields][12][]\" value=\"Seitei jodo tr\u00e6ning\" aria-errormessage=\"wpforms-728-field_12_1-error\"  ><label class=\"wpforms-field-label-inline\" for=\"wpforms-728-field_12_1\">Seitei jodo tr\u00e6ning<\/label><\/li><li class=\"choice-3 depth-1\"><input type=\"checkbox\" id=\"wpforms-728-field_12_3\" data-rule-check-limit=\"true\" name=\"wpforms[fields][12][]\" value=\"Seitei iaido tr\u00e6ning\" aria-errormessage=\"wpforms-728-field_12_3-error\"  ><label class=\"wpforms-field-label-inline\" for=\"wpforms-728-field_12_3\">Seitei iaido tr\u00e6ning<\/label><\/li><li class=\"choice-2 depth-1\"><input type=\"checkbox\" id=\"wpforms-728-field_12_2\" data-rule-check-limit=\"true\" name=\"wpforms[fields][12][]\" value=\"Iaido instrukt\u00f8r tr\u00e6ning\" aria-errormessage=\"wpforms-728-field_12_2-error\"  ><label class=\"wpforms-field-label-inline\" for=\"wpforms-728-field_12_2\">Iaido instrukt\u00f8r tr\u00e6ning<\/label><\/li><\/ul><\/fieldset><\/div><div id=\"wpforms-728-field_4-container\" class=\"wpforms-field wpforms-field-text\" data-field-id=\"4\"><label class=\"wpforms-field-label\" for=\"wpforms-728-field_4\">Grad <span class=\"wpforms-required-label\" aria-hidden=\"true\">*<\/span><\/label><input type=\"text\" id=\"wpforms-728-field_4\" class=\"wpforms-field-medium wpforms-field-required\" name=\"wpforms[fields][4]\" aria-errormessage=\"wpforms-728-field_4-error\" aria-describedby=\"wpforms-728-field_4-description\" required><div id=\"wpforms-728-field_4-description\" class=\"wpforms-field-description\">Hvad er din nuv\u00e6rende seitei iaido grad? \u00d8nsker du at blive gradueret skal du skrive din nuv\u00e6rende grad og \u00f8nsket grad.<\/div><\/div><div id=\"wpforms-728-field_6-container\" class=\"wpforms-field wpforms-field-checkbox\" data-field-id=\"6\"><fieldset><legend class=\"wpforms-field-label\">M\u00e5ltider<\/legend><ul id=\"wpforms-728-field_6\" data-choice-limit=\"3\"><li class=\"choice-1 depth-1\"><input type=\"checkbox\" id=\"wpforms-728-field_6_1\" data-rule-check-limit=\"true\" name=\"wpforms[fields][6][]\" value=\"Frokost l\u00f8rdag (g\u00f8r det selv sm\u00f8rrebr\u00f8d)\" aria-errormessage=\"wpforms-728-field_6_1-error\" aria-describedby=\"wpforms-728-field_6-description\"  ><label class=\"wpforms-field-label-inline\" for=\"wpforms-728-field_6_1\">Frokost l\u00f8rdag (g\u00f8r det selv sm\u00f8rrebr\u00f8d)<\/label><\/li><li class=\"choice-3 depth-1\"><input type=\"checkbox\" id=\"wpforms-728-field_6_3\" data-rule-check-limit=\"true\" name=\"wpforms[fields][6][]\" value=\"Aftensmad l\u00f8rdag\" aria-errormessage=\"wpforms-728-field_6_3-error\" aria-describedby=\"wpforms-728-field_6-description\"  ><label class=\"wpforms-field-label-inline\" for=\"wpforms-728-field_6_3\">Aftensmad l\u00f8rdag<\/label><\/li><li class=\"choice-2 depth-1\"><input type=\"checkbox\" id=\"wpforms-728-field_6_2\" data-rule-check-limit=\"true\" name=\"wpforms[fields][6][]\" value=\"Frokost s\u00f8ndag (g\u00f8r det selv sm\u00f8rrebr\u00f8d)\" aria-errormessage=\"wpforms-728-field_6_2-error\" aria-describedby=\"wpforms-728-field_6-description\"  ><label class=\"wpforms-field-label-inline\" for=\"wpforms-728-field_6_2\">Frokost s\u00f8ndag (g\u00f8r det selv sm\u00f8rrebr\u00f8d)<\/label><\/li><\/ul><div id=\"wpforms-728-field_6-description\" class=\"wpforms-field-description\">\u00d8nsker du mad p\u00e5 disse tidspunkter? Prisen er inkluderet i lejrens pris.<\/div><\/fieldset><\/div>\t\t<div id=\"wpforms-728-field_3-container\"\n\t\t\tclass=\"wpforms-field wpforms-field-text\"\n\t\t\tdata-field-type=\"text\"\n\t\t\tdata-field-id=\"3\"\n\t\t\t>\n\t\t\t<label class=\"wpforms-field-label\" for=\"wpforms-728-field_3\" >allergier Grad Jeg<\/label>\n\t\t\t<input type=\"text\" id=\"wpforms-728-field_3\" class=\"wpforms-field-medium\" name=\"wpforms[fields][3]\" >\n\t\t<\/div>\n\t\t<div id=\"wpforms-728-field_8-container\" class=\"wpforms-field wpforms-field-text\" data-field-id=\"8\"><label class=\"wpforms-field-label\" for=\"wpforms-728-field_8\">Nogen allergier i forhold til mad?<\/label><input type=\"text\" id=\"wpforms-728-field_8\" class=\"wpforms-field-medium\" name=\"wpforms[fields][8]\" aria-errormessage=\"wpforms-728-field_8-error\" aria-describedby=\"wpforms-728-field_8-description\" ><div id=\"wpforms-728-field_8-description\" class=\"wpforms-field-description\">Vi g\u00f8r vores bedste for at sikre, at der er noget til alle.<\/div><\/div><div id=\"wpforms-728-field_10-container\" class=\"wpforms-field wpforms-field-checkbox\" data-field-id=\"10\"><fieldset><legend class=\"wpforms-field-label\">Forventer du at sove p\u00e5 skolen? <span class=\"wpforms-required-label\" aria-hidden=\"true\">*<\/span><\/legend><ul id=\"wpforms-728-field_10\" class=\"wpforms-field-required\" data-choice-limit=\"1\"><li class=\"choice-1 depth-1\"><input type=\"checkbox\" id=\"wpforms-728-field_10_1\" data-rule-check-limit=\"true\" name=\"wpforms[fields][10][]\" value=\"Ja\" aria-errormessage=\"wpforms-728-field_10_1-error\" required ><label class=\"wpforms-field-label-inline\" for=\"wpforms-728-field_10_1\">Ja<\/label><\/li><li class=\"choice-2 depth-1\"><input type=\"checkbox\" id=\"wpforms-728-field_10_2\" data-rule-check-limit=\"true\" name=\"wpforms[fields][10][]\" value=\"Nej\" aria-errormessage=\"wpforms-728-field_10_2-error\" required ><label class=\"wpforms-field-label-inline\" for=\"wpforms-728-field_10_2\">Nej<\/label><\/li><li class=\"choice-3 depth-1\"><input type=\"checkbox\" id=\"wpforms-728-field_10_3\" data-rule-check-limit=\"true\" name=\"wpforms[fields][10][]\" value=\"M\u00e5ske\" aria-errormessage=\"wpforms-728-field_10_3-error\" required ><label class=\"wpforms-field-label-inline\" for=\"wpforms-728-field_10_3\">M\u00e5ske<\/label><\/li><\/ul><\/fieldset><\/div><div id=\"wpforms-728-field_9-container\" class=\"wpforms-field wpforms-field-textarea\" data-field-id=\"9\"><label class=\"wpforms-field-label\" for=\"wpforms-728-field_9\">Andet?<\/label><textarea id=\"wpforms-728-field_9\" class=\"wpforms-field-medium\" name=\"wpforms[fields][9]\" aria-errormessage=\"wpforms-728-field_9-error\" ><\/textarea><\/div><script>\n\t\t\t\t( function() {\n\t\t\t\t\tconst style = document.createElement( 'style' );\n\t\t\t\t\tstyle.appendChild( document.createTextNode( '#wpforms-728-field_3-container { position: absolute !important; overflow: hidden !important; display: inline !important; height: 1px !important; width: 1px !important; z-index: -1000 !important; padding: 0 !important; } #wpforms-728-field_3-container input { visibility: hidden; } #wpforms-conversational-form-page #wpforms-728-field_3-container label { counter-increment: none; }' ) );\n\t\t\t\t\tdocument.head.appendChild( style );\n\t\t\t\t\tdocument.currentScript?.remove();\n\t\t\t\t} )();\n\t\t\t<\/script><\/div><!-- .wpforms-field-container --><div class=\"wpforms-submit-container\" ><input type=\"hidden\" name=\"wpforms[id]\" value=\"728\"><input type=\"hidden\" name=\"page_title\" value=\"\"><input type=\"hidden\" name=\"page_url\" value=\"https:\/\/www.akiyama.dk\/en\/wp-json\/wp\/v2\/pages\/724\"><input type=\"hidden\" name=\"url_referer\" value=\"\"><button type=\"submit\" name=\"wpforms[submit]\" id=\"wpforms-submit-728\" class=\"wpforms-submit\" data-alt-text=\"Sender...\" data-submit-text=\"Send tilmelding\" aria-live=\"assertive\" value=\"wpforms-submit\">Send tilmelding<\/button><img loading=\"lazy\" decoding=\"async\" src=\"https:\/\/www.akiyama.dk\/wp-content\/plugins\/wpforms-lite\/assets\/images\/submit-spin.svg\" class=\"wpforms-submit-spinner\" style=\"display: none;\" width=\"26\" height=\"26\" alt=\"Loading\"><\/div><\/form><\/div>  <!-- .wpforms-container -->","protected":false},"excerpt":{"rendered":"<p>Kom at tr\u00e6ne Seitei Jodo og Iaido i Vissenbjerg i Feb\/Mar 2026 Det er med stor gl\u00e6de, at Akiyama Budokai i Vissenbjerg indbyder til Danmarks eneste seminar i Zen Nippon Kendo Renmeis (ZNKR) Iaido og Jodo! Dertil er det med stolthed og taknemlighed, at vi kan sige, at fem virkelig [&hellip;]<\/p>\n","protected":false},"author":1,"featured_media":0,"parent":0,"menu_order":0,"comment_status":"closed","ping_status":"closed","template":"","meta":{"footnotes":""},"class_list":["post-724","page","type-page","status-publish","hentry"],"_links":{"self":[{"href":"https:\/\/www.akiyama.dk\/en\/wp-json\/wp\/v2\/pages\/724","targetHints":{"allow":["GET"]}}],"collection":[{"href":"https:\/\/www.akiyama.dk\/en\/wp-json\/wp\/v2\/pages"}],"about":[{"href":"https:\/\/www.akiyama.dk\/en\/wp-json\/wp\/v2\/types\/page"}],"author":[{"embeddable":true,"href":"https:\/\/www.akiyama.dk\/en\/wp-json\/wp\/v2\/users\/1"}],"replies":[{"embeddable":true,"href":"https:\/\/www.akiyama.dk\/en\/wp-json\/wp\/v2\/comments?post=724"}],"version-history":[{"count":10,"href":"https:\/\/www.akiyama.dk\/en\/wp-json\/wp\/v2\/pages\/724\/revisions"}],"predecessor-version":[{"id":777,"href":"https:\/\/www.akiyama.dk\/en\/wp-json\/wp\/v2\/pages\/724\/revisions\/777"}],"wp:attachment":[{"href":"https:\/\/www.akiyama.dk\/en\/wp-json\/wp\/v2\/media?parent=724"}],"curies":[{"name":"wp","href":"https:\/\/api.w.org\/{rel}","templated":true}]}}