{"id":68,"date":"2022-11-28T14:17:58","date_gmt":"2022-11-28T14:17:58","guid":{"rendered":"https:\/\/www.akiyama.dk\/?page_id=68"},"modified":"2024-01-31T17:28:32","modified_gmt":"2024-01-31T16:28:32","slug":"jodos-historie","status":"publish","type":"page","link":"https:\/\/www.akiyama.dk\/en\/jodos-historie\/","title":{"rendered":"About Jodo"},"content":{"rendered":"<div class=\"wp-block-cover is-light\" style=\"min-height:207px;aspect-ratio:unset;\"><span aria-hidden=\"true\" class=\"wp-block-cover__background has-background-dim\"><\/span><img loading=\"lazy\" decoding=\"async\" width=\"1024\" height=\"768\" class=\"wp-block-cover__image-background wp-image-366\" alt=\"\" src=\"https:\/\/www.akiyama.dk\/wp-content\/uploads\/2024\/01\/fdfd.jpg\" data-object-fit=\"cover\" srcset=\"https:\/\/www.akiyama.dk\/wp-content\/uploads\/2024\/01\/fdfd.jpg 1024w, https:\/\/www.akiyama.dk\/wp-content\/uploads\/2024\/01\/fdfd-300x225.jpg 300w, https:\/\/www.akiyama.dk\/wp-content\/uploads\/2024\/01\/fdfd-768x576.jpg 768w, https:\/\/www.akiyama.dk\/wp-content\/uploads\/2024\/01\/fdfd-16x12.jpg 16w\" sizes=\"auto, (max-width: 1024px) 100vw, 1024px\" \/><div class=\"wp-block-cover__inner-container is-layout-flow wp-block-cover-is-layout-flow\">\n<p class=\"has-text-align-center has-white-color has-text-color has-large-font-size\">About Jodo<\/p>\n<\/div><\/div>\n\n\n\n<h2 class=\"wp-block-heading\">About Jodo<\/h2>\n\n\n\n<p>Jodo er kunsten at sl\u00e5s mod et sv\u00e6rd med en rund pind p\u00e5 cirka 130 cm. De japanske tegn for denne kampkunst betyder <em>Stavens Vej<\/em>. Nu til dags er der to store retninger inden for jodo: <\/p>\n\n\n\n<ul class=\"wp-block-list\">\n<li><strong>Traditionel <\/strong>(<em>koryu<\/em>), inden for hvilken der findes mange stilarter (som oftest ogs\u00e5 indeholder andre v\u00e5ben og kampformer).<\/li>\n\n\n\n<li><strong>Standard <\/strong>(<em>seitei<\/em>), som er organiseret under det japanske Kendoforbund (\u5168\u65e5\u672c\u5263\u9053\u9023\u76df Zen Nippon Kend\u014d Renmei). Fordi antallet af ud\u00f8vere i mange stilarter er meget lille, har man defineret 12 standard kata (teknikserier), hvorom alle stilarter kan m\u00f8des. Disse tolv kata kaldes <em>seitei<\/em> kataerne. De forskellige stilarter kan konkurrere i <em>seitei<\/em> samtidig med, at de hver tr\u00e6ner deres egen stilart  og d\u00e9r bibeholder deres s\u00e6rpr\u00e6g.  <\/li>\n<\/ul>\n\n\n\n<p>Staven bruges ogs\u00e5 i andre stilarter; for eksempel bruger det japanske politi Jo, og Aikidos grundl\u00e6gger udtrykte ogs\u00e5 aikidoens principper gennem Jo (kaldet <em>aiki-jo<\/em>).<\/p>\n\n\n\n<p>Der findes mange forskellige <em>koryu <\/em>stilarter for Jodo i Japan. I Europa er <em>Shinto Muso Ryu<\/em>, som vi tr\u00e6ner, den st\u00f8rste. Her er en film med nogle af vores undervisere og tr\u00e6ningspartnere:<\/p>\n\n\n\n<figure class=\"wp-block-embed is-type-video is-provider-youtube wp-block-embed-youtube wp-embed-aspect-16-9 wp-has-aspect-ratio\"><div class=\"wp-block-embed__wrapper\">\n<iframe loading=\"lazy\" title=\"Shinto Muso ryu Jodo | Pascal Krieger | 2017 | \u0421\u0438\u043d\u0442\u043e \u041c\u0443\u0441\u043e \u0440\u044e \u0414\u0437\u0451\u0434\u043e FEJ \u0441 \u041f\u0430\u0441\u043a\u0430\u043b\u0435\u043c \u041a\u0440\u0438\u0433\u0435\u0440\u043e\u043c | EMBU\" width=\"790\" height=\"444\" src=\"https:\/\/www.youtube.com\/embed\/6THUcu1w7tg?feature=oembed\" frameborder=\"0\" allow=\"accelerometer; autoplay; clipboard-write; encrypted-media; gyroscope; picture-in-picture; web-share\" allowfullscreen><\/iframe>\n<\/div><\/figure>\n\n\n\n<p>Nyttige link<\/p>\n\n\n\n<ul class=\"wp-block-list\">\n<li>Wikipedia <a href=\"https:\/\/en.wikipedia.org\/wiki\/Shint%C5%8D_Mus%C5%8D-ry%C5%AB_Jo_Kata\">liste over alle kataerne<\/a> (engelsk forklaring, japanske katanavne)<\/li>\n<\/ul>\n\n\n\n<p><\/p>\n\n\n\n<p><\/p>","protected":false},"excerpt":{"rendered":"<p>Om Jodo Jodo er kunsten at sl\u00e5s mod et sv\u00e6rd med en rund pind p\u00e5 cirka 130 cm. De japanske tegn for denne kampkunst betyder Stavens Vej. Nu til dags er der to store retninger inden for jodo: Staven bruges ogs\u00e5 i andre stilarter; for eksempel bruger det japanske politi [&hellip;]<\/p>\n","protected":false},"author":1,"featured_media":0,"parent":0,"menu_order":0,"comment_status":"closed","ping_status":"closed","template":"","meta":{"footnotes":""},"class_list":["post-68","page","type-page","status-publish","hentry"],"_links":{"self":[{"href":"https:\/\/www.akiyama.dk\/en\/wp-json\/wp\/v2\/pages\/68","targetHints":{"allow":["GET"]}}],"collection":[{"href":"https:\/\/www.akiyama.dk\/en\/wp-json\/wp\/v2\/pages"}],"about":[{"href":"https:\/\/www.akiyama.dk\/en\/wp-json\/wp\/v2\/types\/page"}],"author":[{"embeddable":true,"href":"https:\/\/www.akiyama.dk\/en\/wp-json\/wp\/v2\/users\/1"}],"replies":[{"embeddable":true,"href":"https:\/\/www.akiyama.dk\/en\/wp-json\/wp\/v2\/comments?post=68"}],"version-history":[{"count":9,"href":"https:\/\/www.akiyama.dk\/en\/wp-json\/wp\/v2\/pages\/68\/revisions"}],"predecessor-version":[{"id":394,"href":"https:\/\/www.akiyama.dk\/en\/wp-json\/wp\/v2\/pages\/68\/revisions\/394"}],"wp:attachment":[{"href":"https:\/\/www.akiyama.dk\/en\/wp-json\/wp\/v2\/media?parent=68"}],"curies":[{"name":"wp","href":"https:\/\/api.w.org\/{rel}","templated":true}]}}