{"id":678,"date":"2025-09-07T12:31:02","date_gmt":"2025-09-07T10:31:02","guid":{"rendered":"https:\/\/www.akiyama.dk\/?page_id=678"},"modified":"2025-09-23T21:44:07","modified_gmt":"2025-09-23T19:44:07","slug":"shindo-musryu-smr-jodo-seminar-med-michael-soderkvist-november-2025","status":"publish","type":"page","link":"https:\/\/www.akiyama.dk\/en\/shindo-musryu-smr-jodo-seminar-med-michael-soderkvist-november-2025\/","title":{"rendered":"2025 nov SMR Jodo med Michael"},"content":{"rendered":"\n<h2 class=\"wp-block-heading\">Shindo Muso Ryu (SMR) Jodo seminar med Michael S\u00f6derkvist &#8211; november 2025<\/h2>\n\n\n\n<p>29. &#8211; 30. november i Vissenbjerg<\/p>\n\n\n\n<p><strong>M\u00e5lgruppe<\/strong>: Folk med erfaring i SMR jodo (inkl. kun lidt erfaring).<\/p>\n\n\n\n<p>Det er en stor gl\u00e6de endnu en gang at indbyde til seminar med Michael S\u00f6derkvist fra Sverige! Det bliver forh\u00e5bentlig pr\u00e6cis som det plejer, med seri\u00f8sitet i salen og gode samtaler og r\u00f8verhistorier i pauserne. Begyndere og viderekomne vil alle blive budt velkomne.<\/p>\n\n\n\n<ul class=\"wp-block-list\">\n<li><strong>Tid<\/strong>: D. 29. &#8211; 30. november. F\u00f8rste tr\u00e6ning er l\u00f8rdag kl. 10.\n<ul class=\"wp-block-list\">\n<li>L\u00f8rdag: Alle med bare lidt erfaring med SMR jodo er velkomne. Vi tr\u00e6ner kl. 10-17 med pauser undervejs.<\/li>\n\n\n\n<li>S\u00f8ndag: Kun for folk, der kender Chudan serien eller derover. Vi tr\u00e6ner kl. 9-13 med pauser undervejs.<\/li>\n<\/ul>\n<\/li>\n\n\n\n<li><strong>Sted<\/strong>: Vissenbjerg Skole, S\u00f8nders\u00f8vej 14, 5492 Vissenbjerg.<\/li>\n\n\n\n<li><strong>Overnatning<\/strong>: Skriv i tilmeldingen herunder, hvis der \u00f8nskes overnatning. M\u00e5ske kan det arrangeres gratis; ellers er der flere kroer i omr\u00e5det, f.eks. Vissenbjerg Storkro.<\/li>\n\n\n\n<li><strong>Spisning<\/strong>: Prisen indeholder frokost. Medbring, hvad du vil drikke undervejs.<\/li>\n\n\n\n<li><strong>Pris<\/strong>:\n<ul class=\"wp-block-list\">\n<li>L\u00f8rdag alene: 350 DKK<\/li>\n\n\n\n<li>L\u00f8rdag og s\u00f8ndag: 500 DKK<\/li>\n\n\n\n<li>Betalingsinformation fremsendes, n\u00e5r du har indsendt formularen herunder.<\/li>\n<\/ul>\n<\/li>\n<\/ul>\n\n\n<div class=\"wpforms-container wpforms-container-full wpforms-block wpforms-block-7c158555-81c9-469f-a97a-abff095e691b wpforms-render-modern\" id=\"wpforms-680\"><form id=\"wpforms-form-680\" class=\"wpforms-validate wpforms-form wpforms-ajax-form\" data-formid=\"680\" method=\"post\" enctype=\"multipart\/form-data\" action=\"\/en\/wp-json\/wp\/v2\/pages\/678\" data-token=\"ff3fd01d60186d689e15ef8f951069d1\" data-token-time=\"1777907465\"><noscript class=\"wpforms-error-noscript\">Please enable JavaScript in your browser to complete this form.<\/noscript><div id=\"wpforms-error-noscript\" style=\"display: none;\">Please enable JavaScript in your browser to complete this form.<\/div><div class=\"wpforms-field-container\"><div id=\"wpforms-680-field_1-container\" class=\"wpforms-field wpforms-field-text\" data-field-id=\"1\"><label class=\"wpforms-field-label\" for=\"wpforms-680-field_1\">Navn <span class=\"wpforms-required-label\" aria-hidden=\"true\">*<\/span><\/label><input type=\"text\" id=\"wpforms-680-field_1\" class=\"wpforms-field-medium wpforms-field-required\" name=\"wpforms[fields][1]\" aria-errormessage=\"wpforms-680-field_1-error\" required><\/div><div id=\"wpforms-680-field_2-container\" class=\"wpforms-field wpforms-field-text\" data-field-id=\"2\"><label class=\"wpforms-field-label\" for=\"wpforms-680-field_2\">E-mail (bruges kun til kommunikation om lejren) <span class=\"wpforms-required-label\" aria-hidden=\"true\">*<\/span><\/label><input type=\"text\" id=\"wpforms-680-field_2\" class=\"wpforms-field-medium wpforms-field-required\" name=\"wpforms[fields][2]\" aria-errormessage=\"wpforms-680-field_2-error\" required><\/div><div id=\"wpforms-680-field_4-container\" class=\"wpforms-field wpforms-field-checkbox\" data-field-id=\"4\"><fieldset><legend class=\"wpforms-field-label\">M\u00e5ltider<\/legend><ul id=\"wpforms-680-field_4\"><li class=\"choice-2 depth-1\"><input type=\"checkbox\" id=\"wpforms-680-field_4_2\" name=\"wpforms[fields][4][]\" value=\"Frokost l\u00f8rdag (g\u00f8r det selv sm\u00f8rrebr\u00f8d)\" aria-errormessage=\"wpforms-680-field_4_2-error\" aria-describedby=\"wpforms-680-field_4-description\"  ><label class=\"wpforms-field-label-inline\" for=\"wpforms-680-field_4_2\">Frokost l\u00f8rdag (g\u00f8r det selv sm\u00f8rrebr\u00f8d)<\/label><\/li><li class=\"choice-5 depth-1\"><input type=\"checkbox\" id=\"wpforms-680-field_4_5\" name=\"wpforms[fields][4][]\" value=\"Aftensmad l\u00f8rdag (varm mad)\" aria-errormessage=\"wpforms-680-field_4_5-error\" aria-describedby=\"wpforms-680-field_4-description\"  ><label class=\"wpforms-field-label-inline\" for=\"wpforms-680-field_4_5\">Aftensmad l\u00f8rdag (varm mad)<\/label><\/li><li class=\"choice-4 depth-1\"><input type=\"checkbox\" id=\"wpforms-680-field_4_4\" name=\"wpforms[fields][4][]\" value=\"Frokost s\u00f8ndag (g\u00f8r det selv sm\u00f8rrebr\u00f8d)\" aria-errormessage=\"wpforms-680-field_4_4-error\" aria-describedby=\"wpforms-680-field_4-description\"  ><label class=\"wpforms-field-label-inline\" for=\"wpforms-680-field_4_4\">Frokost s\u00f8ndag (g\u00f8r det selv sm\u00f8rrebr\u00f8d)<\/label><\/li><\/ul><div id=\"wpforms-680-field_4-description\" class=\"wpforms-field-description\">\u00d8nsker du mad p\u00e5 disse tidspunkter? Frokosterne er inkluderet i lejrens pris; hyggeaften om l\u00f8rdagen koster kr. 75 p\u00e5 dagen.<\/div><\/fieldset><\/div>\t\t<div id=\"wpforms-680-field_3-container\"\n\t\t\tclass=\"wpforms-field wpforms-field-text\"\n\t\t\tdata-field-type=\"text\"\n\t\t\tdata-field-id=\"3\"\n\t\t\t>\n\t\t\t<label class=\"wpforms-field-label\" for=\"wpforms-680-field_3\" >i Nogen lejren)<\/label>\n\t\t\t<input type=\"text\" id=\"wpforms-680-field_3\" class=\"wpforms-field-medium\" name=\"wpforms[fields][3]\" >\n\t\t<\/div>\n\t\t<div id=\"wpforms-680-field_5-container\" class=\"wpforms-field wpforms-field-text\" data-field-id=\"5\"><label class=\"wpforms-field-label\" for=\"wpforms-680-field_5\">Nogen allergier i forhold til mad?<\/label><input type=\"text\" id=\"wpforms-680-field_5\" class=\"wpforms-field-medium\" name=\"wpforms[fields][5]\" aria-errormessage=\"wpforms-680-field_5-error\" ><\/div><div id=\"wpforms-680-field_6-container\" class=\"wpforms-field wpforms-field-textarea\" data-field-id=\"6\"><label class=\"wpforms-field-label\" for=\"wpforms-680-field_6\">Andet?<\/label><textarea id=\"wpforms-680-field_6\" class=\"wpforms-field-medium\" name=\"wpforms[fields][6]\" aria-errormessage=\"wpforms-680-field_6-error\" ><\/textarea><\/div><script>\n\t\t\t\t( function() {\n\t\t\t\t\tconst style = document.createElement( 'style' );\n\t\t\t\t\tstyle.appendChild( document.createTextNode( '#wpforms-680-field_3-container { position: absolute !important; overflow: hidden !important; display: inline !important; height: 1px !important; width: 1px !important; z-index: -1000 !important; padding: 0 !important; } #wpforms-680-field_3-container input { visibility: hidden; } #wpforms-conversational-form-page #wpforms-680-field_3-container label { counter-increment: none; }' ) );\n\t\t\t\t\tdocument.head.appendChild( style );\n\t\t\t\t\tdocument.currentScript?.remove();\n\t\t\t\t} )();\n\t\t\t<\/script><\/div><!-- .wpforms-field-container --><div class=\"wpforms-submit-container\" ><input type=\"hidden\" name=\"wpforms[id]\" value=\"680\"><input type=\"hidden\" name=\"page_title\" value=\"\"><input type=\"hidden\" name=\"page_url\" value=\"https:\/\/www.akiyama.dk\/en\/wp-json\/wp\/v2\/pages\/678\"><input type=\"hidden\" name=\"url_referer\" value=\"\"><button type=\"submit\" name=\"wpforms[submit]\" id=\"wpforms-submit-680\" class=\"wpforms-submit\" data-alt-text=\"Sender...\" data-submit-text=\"Send\" aria-live=\"assertive\" value=\"wpforms-submit\">Send<\/button><img loading=\"lazy\" decoding=\"async\" src=\"https:\/\/www.akiyama.dk\/wp-content\/plugins\/wpforms-lite\/assets\/images\/submit-spin.svg\" class=\"wpforms-submit-spinner\" style=\"display: none;\" width=\"26\" height=\"26\" alt=\"Loading\"><\/div><\/form><\/div>  <!-- .wpforms-container -->","protected":false},"excerpt":{"rendered":"<p>Shindo Muso Ryu (SMR) Jodo seminar med Michael S\u00f6derkvist &#8211; november 2025 29. &#8211; 30. november i Vissenbjerg M\u00e5lgruppe: Folk med erfaring i SMR jodo (inkl. kun lidt erfaring). Det er en stor gl\u00e6de endnu en gang at indbyde til seminar med Michael S\u00f6derkvist fra Sverige! Det bliver forh\u00e5bentlig pr\u00e6cis [&hellip;]<\/p>\n","protected":false},"author":1,"featured_media":0,"parent":0,"menu_order":0,"comment_status":"closed","ping_status":"closed","template":"","meta":{"footnotes":""},"class_list":["post-678","page","type-page","status-publish","hentry"],"_links":{"self":[{"href":"https:\/\/www.akiyama.dk\/en\/wp-json\/wp\/v2\/pages\/678","targetHints":{"allow":["GET"]}}],"collection":[{"href":"https:\/\/www.akiyama.dk\/en\/wp-json\/wp\/v2\/pages"}],"about":[{"href":"https:\/\/www.akiyama.dk\/en\/wp-json\/wp\/v2\/types\/page"}],"author":[{"embeddable":true,"href":"https:\/\/www.akiyama.dk\/en\/wp-json\/wp\/v2\/users\/1"}],"replies":[{"embeddable":true,"href":"https:\/\/www.akiyama.dk\/en\/wp-json\/wp\/v2\/comments?post=678"}],"version-history":[{"count":8,"href":"https:\/\/www.akiyama.dk\/en\/wp-json\/wp\/v2\/pages\/678\/revisions"}],"predecessor-version":[{"id":757,"href":"https:\/\/www.akiyama.dk\/en\/wp-json\/wp\/v2\/pages\/678\/revisions\/757"}],"wp:attachment":[{"href":"https:\/\/www.akiyama.dk\/en\/wp-json\/wp\/v2\/media?parent=678"}],"curies":[{"name":"wp","href":"https:\/\/api.w.org\/{rel}","templated":true}]}}