{"id":589,"date":"2025-03-09T17:10:39","date_gmt":"2025-03-09T16:10:39","guid":{"rendered":"https:\/\/www.akiyama.dk\/?page_id=589"},"modified":"2025-09-07T12:08:27","modified_gmt":"2025-09-07T10:08:27","slug":"tilladelser","status":"publish","type":"page","link":"https:\/\/www.akiyama.dk\/en\/tilladelser\/","title":{"rendered":"Permits"},"content":{"rendered":"<h2 class=\"wp-block-heading\">Permits <\/h2>\n\n\n\n<p>You will need a tape measure or the total length incl. tsuba AND the length of the blade alone.<\/p>\n\n\n\n<p><strong>Import (into Denmark)<\/strong><\/p>\n\n\n\n<p>Print <a href=\"https:\/\/www.akiyama.dk\/wp-content\/uploads\/2024\/03\/Carry-into-DK.pdf\">this import form<\/a> and fill it in as shown below.<\/p>\n\n\n\n<div class=\"wp-block-media-text is-stacked-on-mobile\"><figure class=\"wp-block-media-text__media\"><img loading=\"lazy\" decoding=\"async\" width=\"768\" height=\"1024\" src=\"https:\/\/www.akiyama.dk\/wp-content\/uploads\/2025\/03\/Form-IntoDK-768x1024.jpeg\" alt=\"\" class=\"wp-image-594 size-full\" srcset=\"https:\/\/www.akiyama.dk\/wp-content\/uploads\/2025\/03\/Form-IntoDK-768x1024.jpeg 768w, https:\/\/www.akiyama.dk\/wp-content\/uploads\/2025\/03\/Form-IntoDK-225x300.jpeg 225w, https:\/\/www.akiyama.dk\/wp-content\/uploads\/2025\/03\/Form-IntoDK-1152x1536.jpeg 1152w, https:\/\/www.akiyama.dk\/wp-content\/uploads\/2025\/03\/Form-IntoDK-1536x2048.jpeg 1536w, https:\/\/www.akiyama.dk\/wp-content\/uploads\/2025\/03\/Form-IntoDK-9x12.jpeg 9w, https:\/\/www.akiyama.dk\/wp-content\/uploads\/2025\/03\/Form-IntoDK-scaled.jpeg 1920w\" sizes=\"auto, (max-width: 768px) 100vw, 768px\" \/><\/figure><div class=\"wp-block-media-text__content\">\n<p><\/p>\n<\/div><\/div>\n\n\n\n<p><strong>Use in-country<\/strong><\/p>\n\n\n\n<p>Print <a href=\"https:\/\/www.akiyama.dk\/wp-content\/uploads\/2024\/03\/Carry-and-use-in-DK.pdf\">this use &amp; carry form<\/a> and fill it in as shown below.<\/p>\n\n\n\n<div class=\"wp-block-media-text is-stacked-on-mobile\"><figure class=\"wp-block-media-text__media\"><img loading=\"lazy\" decoding=\"async\" width=\"768\" height=\"1024\" src=\"https:\/\/www.akiyama.dk\/wp-content\/uploads\/2025\/03\/Form-CarryAndUse-768x1024.jpeg\" alt=\"\" class=\"wp-image-595 size-full\" srcset=\"https:\/\/www.akiyama.dk\/wp-content\/uploads\/2025\/03\/Form-CarryAndUse-768x1024.jpeg 768w, https:\/\/www.akiyama.dk\/wp-content\/uploads\/2025\/03\/Form-CarryAndUse-225x300.jpeg 225w, https:\/\/www.akiyama.dk\/wp-content\/uploads\/2025\/03\/Form-CarryAndUse-1152x1536.jpeg 1152w, https:\/\/www.akiyama.dk\/wp-content\/uploads\/2025\/03\/Form-CarryAndUse-1536x2048.jpeg 1536w, https:\/\/www.akiyama.dk\/wp-content\/uploads\/2025\/03\/Form-CarryAndUse-9x12.jpeg 9w, https:\/\/www.akiyama.dk\/wp-content\/uploads\/2025\/03\/Form-CarryAndUse-scaled.jpeg 1920w\" sizes=\"auto, (max-width: 768px) 100vw, 768px\" \/><\/figure><div class=\"wp-block-media-text__content\">\n<p><\/p>\n<\/div><\/div>\n\n\n\n<p><strong>Export (out of Denmark)<\/strong><\/p>\n\n\n\n<p>Print <a href=\"https:\/\/www.akiyama.dk\/wp-content\/uploads\/2024\/03\/Carry-out-of-DK.pdf\">this export form<\/a> and fill it in as shown below.<\/p>\n\n\n\n<div class=\"wp-block-media-text is-stacked-on-mobile\"><figure class=\"wp-block-media-text__media\"><img loading=\"lazy\" decoding=\"async\" width=\"768\" height=\"1024\" src=\"https:\/\/www.akiyama.dk\/wp-content\/uploads\/2025\/03\/Form-OutDK-768x1024.jpeg\" alt=\"\" class=\"wp-image-596 size-full\" srcset=\"https:\/\/www.akiyama.dk\/wp-content\/uploads\/2025\/03\/Form-OutDK-768x1024.jpeg 768w, https:\/\/www.akiyama.dk\/wp-content\/uploads\/2025\/03\/Form-OutDK-225x300.jpeg 225w, https:\/\/www.akiyama.dk\/wp-content\/uploads\/2025\/03\/Form-OutDK-1152x1536.jpeg 1152w, https:\/\/www.akiyama.dk\/wp-content\/uploads\/2025\/03\/Form-OutDK-1536x2048.jpeg 1536w, https:\/\/www.akiyama.dk\/wp-content\/uploads\/2025\/03\/Form-OutDK-9x12.jpeg 9w, https:\/\/www.akiyama.dk\/wp-content\/uploads\/2025\/03\/Form-OutDK-scaled.jpeg 1920w\" sizes=\"auto, (max-width: 768px) 100vw, 768px\" \/><\/figure><div class=\"wp-block-media-text__content\">\n<p><\/p>\n<\/div><\/div>","protected":false},"excerpt":{"rendered":"<p>Tilladelser Du skal bruge et m\u00e5leb\u00e5nd eller l\u00e6ngden p\u00e5 sv\u00e6rd inkl. tsuba OG l\u00e6ngden af bladet alene(i cm). Import (ind i landet) Udskriv denne importformular og udfyld den som vist herunder. Bruge i landet Udskriv denne brugsformular og udfyld den som vist herunder. Eksport (ud af landet) Udskriv denne eksportformular [&hellip;]<\/p>\n","protected":false},"author":1,"featured_media":0,"parent":0,"menu_order":0,"comment_status":"closed","ping_status":"closed","template":"","meta":{"footnotes":""},"class_list":["post-589","page","type-page","status-publish","hentry"],"_links":{"self":[{"href":"https:\/\/www.akiyama.dk\/en\/wp-json\/wp\/v2\/pages\/589","targetHints":{"allow":["GET"]}}],"collection":[{"href":"https:\/\/www.akiyama.dk\/en\/wp-json\/wp\/v2\/pages"}],"about":[{"href":"https:\/\/www.akiyama.dk\/en\/wp-json\/wp\/v2\/types\/page"}],"author":[{"embeddable":true,"href":"https:\/\/www.akiyama.dk\/en\/wp-json\/wp\/v2\/users\/1"}],"replies":[{"embeddable":true,"href":"https:\/\/www.akiyama.dk\/en\/wp-json\/wp\/v2\/comments?post=589"}],"version-history":[{"count":7,"href":"https:\/\/www.akiyama.dk\/en\/wp-json\/wp\/v2\/pages\/589\/revisions"}],"predecessor-version":[{"id":669,"href":"https:\/\/www.akiyama.dk\/en\/wp-json\/wp\/v2\/pages\/589\/revisions\/669"}],"wp:attachment":[{"href":"https:\/\/www.akiyama.dk\/en\/wp-json\/wp\/v2\/media?parent=589"}],"curies":[{"name":"wp","href":"https:\/\/api.w.org\/{rel}","templated":true}]}}