{"id":50,"date":"2022-11-28T14:07:32","date_gmt":"2022-11-28T14:07:32","guid":{"rendered":"https:\/\/www.akiyama.dk\/?page_id=50"},"modified":"2024-01-20T08:50:51","modified_gmt":"2024-01-20T07:50:51","slug":"forside","status":"publish","type":"page","link":"https:\/\/www.akiyama.dk\/en\/","title":{"rendered":"Front page"},"content":{"rendered":"<div class=\"wp-block-cover is-light\" style=\"min-height:243px;aspect-ratio:unset;\"><span aria-hidden=\"true\" class=\"wp-block-cover__background has-background-dim\"><\/span><img loading=\"lazy\" decoding=\"async\" width=\"1080\" height=\"338\" class=\"wp-block-cover__image-background wp-image-358\" alt=\"\" src=\"https:\/\/www.akiyama.dk\/wp-content\/uploads\/2024\/01\/banner5.jpg\" data-object-fit=\"cover\" srcset=\"https:\/\/www.akiyama.dk\/wp-content\/uploads\/2024\/01\/banner5.jpg 1080w, https:\/\/www.akiyama.dk\/wp-content\/uploads\/2024\/01\/banner5-300x94.jpg 300w, https:\/\/www.akiyama.dk\/wp-content\/uploads\/2024\/01\/banner5-1024x320.jpg 1024w, https:\/\/www.akiyama.dk\/wp-content\/uploads\/2024\/01\/banner5-768x240.jpg 768w, https:\/\/www.akiyama.dk\/wp-content\/uploads\/2024\/01\/banner5-18x6.jpg 18w\" sizes=\"auto, (max-width: 1080px) 100vw, 1080px\" \/><div class=\"wp-block-cover__inner-container is-layout-flow wp-block-cover-is-layout-flow\">\n<p class=\"has-text-align-center has-white-color has-text-color has-large-font-size\">Jodo<\/p>\n<\/div><\/div>\n\n\n\n<p><\/p>\n\n\n\n<h2 class=\"wp-block-heading\">Welcome<\/h2>\n\n\n\n<p>Akiyama Jodo is a part of <a href=\"https:\/\/bricksite.com\/vestfynaikikai\" data-type=\"URL\" data-id=\"https:\/\/bricksite.com\/vestfynaikikai\" target=\"_blank\" rel=\"noreferrer noopener\">https:\/\/bricksite.com\/vestfynaikikai<\/a>, where we train Aikido, Aiki Toho, Kyudo and Shinto Mus\u00f4 Ry\u00fb Jodo.<\/p>\n\n\n\n<p>Akiyama Jodo have chosen to practice the style of Jodo called Shinto Muso Ryu, which is a non-competitive budo (martial art). We are organised under the European Jodo Federation who has appointed Michael S\u00f6derkvist of Sweden as our teacher. <\/p>\n\n\n\n<p>In Jodo, precision, technical skill and interaction with your attacker is prioritized, while power and speed are not in themselves - effectiveness comes as skill improves. Therefore, we practice the same movements again and again. There is always something to improve to achieve greater precision. There are many details and the more you repeat, the better your muscle memory becomes.<\/p>\n\n\n\n<figure class=\"wp-block-image size-full\"><img loading=\"lazy\" decoding=\"async\" width=\"1000\" height=\"250\" src=\"https:\/\/www.akiyama.dk\/wp-content\/uploads\/2024\/01\/panorama2-1.png\" alt=\"\" class=\"wp-image-351\" srcset=\"https:\/\/www.akiyama.dk\/wp-content\/uploads\/2024\/01\/panorama2-1.png 1000w, https:\/\/www.akiyama.dk\/wp-content\/uploads\/2024\/01\/panorama2-1-300x75.png 300w, https:\/\/www.akiyama.dk\/wp-content\/uploads\/2024\/01\/panorama2-1-768x192.png 768w, https:\/\/www.akiyama.dk\/wp-content\/uploads\/2024\/01\/panorama2-1-18x5.png 18w\" sizes=\"auto, (max-width: 1000px) 100vw, 1000px\" \/><\/figure>\n\n\n\n<h2 class=\"wp-block-heading\">Why train jodo?<\/h2>\n\n\n\n<ul class=\"wp-block-list\">\n<li>You train on a team but as one person - it's not a teamsport.<\/li>\n\n\n\n<li>You do not compete against others - only against your own current skill.<\/li>\n\n\n\n<li>Everybody works at their level, but everyone trains with each other -both beginners and advanced.<\/li>\n\n\n\n<li>There's always more to learn - better precision, more details and -not least - a better understanding.<\/li>\n\n\n\n<li>The discipline is non-violent, and there is little close physical contact. The point is self-defence against a person with a sword.<\/li>\n\n\n\n<li>The training is gentle on the body, and good for the shoulders, mobility and awareness of your body and your posture.<\/li>\n\n\n\n<li>Practice makes you aware of where you are in the room and where other people are.<\/li>\n<\/ul>\n\n\n\n<p><strong>Requirements of you<\/strong><\/p>\n\n\n\n<ul class=\"wp-block-list\">\n<li>You must be able to follow collective instructions to the team and be able to receive constructive criticism.<\/li>\n\n\n\n<li>You should be able to function in a quiet enviroment without talking all the time.<\/li>\n\n\n\n<li>You should show respect to the dojo, the teacher, and the other students.<\/li>\n<\/ul>\n\n\n\n<p>Jo is a budo (a martial art) and we follow Japanese tradition regarding etiquette and behavior. This is why we bow respectfully to each other to greet and to indicate we're ready to practice. The dojo (practice hall) is divided into areas so that one always knows where to stand. This is true for Jodo anywhere in the world. Of course, you'll learn this along the way.<\/p>\n\n\n\n<p>In addition we are able to participate in seminars elsewhere in Europe (listed on EJF's website).<\/p>\n\n\n\n<figure class=\"wp-block-image size-large\"><img loading=\"lazy\" decoding=\"async\" width=\"1024\" height=\"246\" src=\"https:\/\/www.akiyama.dk\/wp-content\/uploads\/2024\/01\/panorama1-1024x246.jpg\" alt=\"\" class=\"wp-image-346\" srcset=\"https:\/\/www.akiyama.dk\/wp-content\/uploads\/2024\/01\/panorama1-1024x246.jpg 1024w, https:\/\/www.akiyama.dk\/wp-content\/uploads\/2024\/01\/panorama1-300x72.jpg 300w, https:\/\/www.akiyama.dk\/wp-content\/uploads\/2024\/01\/panorama1-768x184.jpg 768w, https:\/\/www.akiyama.dk\/wp-content\/uploads\/2024\/01\/panorama1-18x4.jpg 18w, https:\/\/www.akiyama.dk\/wp-content\/uploads\/2024\/01\/panorama1.jpg 1080w\" sizes=\"auto, (max-width: 1024px) 100vw, 1024px\" \/><\/figure>\n\n\n\n<h2 class=\"wp-block-heading\"><em>About our name, Akiyama<\/em><\/h2>\n\n\n\n<p>Our dojo is in the small town of Vissenbjerg on the island of Funen. Freely translated, <em>aki <\/em>means \"autumn\" or \"leaf fall\". In Japanese, mountain is called <em>yama<\/em>. So \"Vissenbjerg\" became \"autumn mountain\", which is Akiyama in Japanese.&nbsp;<\/p>\n\n\n\n<figure class=\"wp-block-image size-large\"><img loading=\"lazy\" decoding=\"async\" width=\"1024\" height=\"304\" src=\"https:\/\/www.akiyama.dk\/wp-content\/uploads\/2024\/01\/banner3-1024x304.jpg\" alt=\"\" class=\"wp-image-360\" srcset=\"https:\/\/www.akiyama.dk\/wp-content\/uploads\/2024\/01\/banner3-1024x304.jpg 1024w, https:\/\/www.akiyama.dk\/wp-content\/uploads\/2024\/01\/banner3-300x89.jpg 300w, https:\/\/www.akiyama.dk\/wp-content\/uploads\/2024\/01\/banner3-768x228.jpg 768w, https:\/\/www.akiyama.dk\/wp-content\/uploads\/2024\/01\/banner3-18x5.jpg 18w, https:\/\/www.akiyama.dk\/wp-content\/uploads\/2024\/01\/banner3.jpg 1080w\" sizes=\"auto, (max-width: 1024px) 100vw, 1024px\" \/><\/figure>\n\n\n\n<h2 class=\"wp-block-heading\">\u300c\u79cb\u5c71\u300d\u306e\u7531\u6765<\/h2>\n\n\n\n<p><br>\u79c1\u305f\u3061\u306e\u9053\u5834\u306f\u30d5\u30e5\u30f3\u5cf6\u306e\u5c0f\u3055\u306a\u753a\u300cVissenbjerg(\u30f4\u30a3\u30bb\u30f3\u30d3\u30a3\u30a2)\u300d\u306b\u3042\u308a\u307e\u3059\u3002<br>\u30c7\u30f3\u30de\u30fc\u30af\u8a9e\u3067Vissen(\u67af\u308c\u305f)bjerg(\u5c71)\u3068\u3044\u3046\u610f\u5473\u304c\u3042\u308a\u300c\u67af\u308c\u305f\u300d\u304b\u3089\u843d\u3061\u8449\u3092\u9023\u60f3\u3055\u305b\u308b\u300c\u79cb\u300d\u3068\u300c\u5c71\u300d\u3092\u5408\u308f\u305b\u3066\u300c\u79cb\u5c71\u300d\u3068\u540d\u4ed8\u3051\u307e\u3057\u305f\u3002<\/p>","protected":false},"excerpt":{"rendered":"<p>VELKOMMEN Akiyama Jodo er en del af Vestfyn Aikikai, hvor der&nbsp;tr\u00e6nes Aikido, Aiki Toho, Kyudo og Shint\u00f4 Mus\u00f4 Ry\u00fb Jodo. Hos Akiyama Jodo har vi valgt at tr\u00e6ne den gren af jodo, som hedder Shint\u00f4 Mus\u00f4 Ry\u00fb Jodo, der er en ikke-konkurrence pr\u00e6get Budo\/kampkunst. Vi er tilknyttet det europ\u00e6iske Jodo [&hellip;]<\/p>\n","protected":false},"author":1,"featured_media":0,"parent":0,"menu_order":0,"comment_status":"closed","ping_status":"closed","template":"","meta":{"footnotes":""},"class_list":["post-50","page","type-page","status-publish","hentry"],"_links":{"self":[{"href":"https:\/\/www.akiyama.dk\/en\/wp-json\/wp\/v2\/pages\/50","targetHints":{"allow":["GET"]}}],"collection":[{"href":"https:\/\/www.akiyama.dk\/en\/wp-json\/wp\/v2\/pages"}],"about":[{"href":"https:\/\/www.akiyama.dk\/en\/wp-json\/wp\/v2\/types\/page"}],"author":[{"embeddable":true,"href":"https:\/\/www.akiyama.dk\/en\/wp-json\/wp\/v2\/users\/1"}],"replies":[{"embeddable":true,"href":"https:\/\/www.akiyama.dk\/en\/wp-json\/wp\/v2\/comments?post=50"}],"version-history":[{"count":9,"href":"https:\/\/www.akiyama.dk\/en\/wp-json\/wp\/v2\/pages\/50\/revisions"}],"predecessor-version":[{"id":371,"href":"https:\/\/www.akiyama.dk\/en\/wp-json\/wp\/v2\/pages\/50\/revisions\/371"}],"wp:attachment":[{"href":"https:\/\/www.akiyama.dk\/en\/wp-json\/wp\/v2\/media?parent=50"}],"curies":[{"name":"wp","href":"https:\/\/api.w.org\/{rel}","templated":true}]}}