{"id":312,"date":"2024-01-19T15:31:38","date_gmt":"2024-01-19T14:31:38","guid":{"rendered":"https:\/\/www.akiyama.dk\/?page_id=312"},"modified":"2025-09-22T14:34:17","modified_gmt":"2025-09-22T12:34:17","slug":"seitei-lejr-marts-2024-om-underviserne","status":"publish","type":"page","link":"https:\/\/www.akiyama.dk\/en\/seitei-lejr-marts-2024-om-underviserne\/","title":{"rendered":"Om underviserne i ZNKR Jodo og Iaido"},"content":{"rendered":"<h2 class=\"wp-block-heading has-text-align-center\"><mark style=\"background-color:rgba(0, 0, 0, 0)\" class=\"has-inline-color has-blue-color\">Februar 2026<\/mark><\/h2>\n\n\n\n<p class=\"has-text-align-center\"><strong>Rickard von Haugwitz<\/strong><\/p>\n\n\n\n<p class=\"has-text-align-center\"> Rickard er 5. dan i Iaido og 5. dan i Jodo i Kendoforbundet<\/p>\n\n\n\n<hr class=\"wp-block-separator has-alpha-channel-opacity\"\/>\n\n\n\n<p class=\"has-text-align-center\"><strong>Caroline Lindholm<\/strong><\/p>\n\n\n\n<p class=\"has-text-align-center\">Caroline started iaido in 2003, became a dojo leader in 2004 (at 1st kyu) and currently holds 5th dan iaido in the Kendo Federation. After a long break, she picked jodo back up two years ago and currently holds 2nd dan jodo in the Kendo Federation. She also practices Muso Shinden Ryu under the tutelage of Watanabe Yukio-sensei (iaido 7th dan kyoshi). <\/p>\n\n\n<div class=\"wp-block-image\">\n<figure class=\"aligncenter size-full is-resized\"><img loading=\"lazy\" decoding=\"async\" width=\"474\" height=\"316\" src=\"https:\/\/www.akiyama.dk\/wp-content\/uploads\/2025\/03\/Caroline2.jpeg\" alt=\"\" class=\"wp-image-607\" style=\"width:384px;height:auto\" srcset=\"https:\/\/www.akiyama.dk\/wp-content\/uploads\/2025\/03\/Caroline2.jpeg 474w, https:\/\/www.akiyama.dk\/wp-content\/uploads\/2025\/03\/Caroline2-300x200.jpeg 300w, https:\/\/www.akiyama.dk\/wp-content\/uploads\/2025\/03\/Caroline2-18x12.jpeg 18w\" sizes=\"auto, (max-width: 474px) 100vw, 474px\" \/><figcaption class=\"wp-element-caption\">Caroline Lindholm<\/figcaption><\/figure>\n<\/div>\n\n\n<hr class=\"wp-block-separator has-alpha-channel-opacity\"\/>\n\n\n\n<p class=\"has-text-align-center\"><strong>Leif Sunje<\/strong><\/p>\n\n\n\n<p class=\"has-text-align-center\">Leif is 5th dan in Iaido and 1st dan in Jodo in the Kendo Federation. His has previously won the European Championship and won the bronze prize at the Swedish Championships in 2019. <\/p>\n\n\n<div class=\"wp-block-image\">\n<figure class=\"aligncenter size-full is-resized\"><img loading=\"lazy\" decoding=\"async\" width=\"340\" height=\"512\" src=\"https:\/\/www.akiyama.dk\/wp-content\/uploads\/2024\/01\/leif-sunje-1.jpg\" alt=\"\" class=\"wp-image-316\" style=\"width:200px;height:auto\" srcset=\"https:\/\/www.akiyama.dk\/wp-content\/uploads\/2024\/01\/leif-sunje-1.jpg 340w, https:\/\/www.akiyama.dk\/wp-content\/uploads\/2024\/01\/leif-sunje-1-199x300.jpg 199w, https:\/\/www.akiyama.dk\/wp-content\/uploads\/2024\/01\/leif-sunje-1-8x12.jpg 8w\" sizes=\"auto, (max-width: 340px) 100vw, 340px\" \/><figcaption class=\"wp-element-caption\">Leif Sunje<\/figcaption><\/figure>\n<\/div>\n\n\n<hr class=\"wp-block-separator has-alpha-channel-opacity\"\/>\n\n\n\n<p class=\"has-text-align-center\"><strong>Fredrik Broman<\/strong><\/p>\n\n\n\n<p class=\"has-text-align-center\">Fredrik is 4th dan iaido and 1st dan jodo in the Kendo Federation. He has practiced since 2006.<br>Fredrik's koryu style is Muso Shinden Ryu, which he practices under Momiyama Takao sensei and teaches in Malm\u00f6.<\/p>\n\n\n<div class=\"wp-block-image\">\n<figure class=\"aligncenter size-large is-resized\"><img loading=\"lazy\" decoding=\"async\" width=\"1024\" height=\"681\" src=\"https:\/\/www.akiyama.dk\/wp-content\/uploads\/2025\/03\/Fredrik-1024x681.jpeg\" alt=\"\" class=\"wp-image-640\" style=\"width:286px;height:auto\" srcset=\"https:\/\/www.akiyama.dk\/wp-content\/uploads\/2025\/03\/Fredrik-1024x681.jpeg 1024w, https:\/\/www.akiyama.dk\/wp-content\/uploads\/2025\/03\/Fredrik-300x200.jpeg 300w, https:\/\/www.akiyama.dk\/wp-content\/uploads\/2025\/03\/Fredrik-768x511.jpeg 768w, https:\/\/www.akiyama.dk\/wp-content\/uploads\/2025\/03\/Fredrik-1536x1022.jpeg 1536w, https:\/\/www.akiyama.dk\/wp-content\/uploads\/2025\/03\/Fredrik-2048x1363.jpeg 2048w, https:\/\/www.akiyama.dk\/wp-content\/uploads\/2025\/03\/Fredrik-18x12.jpeg 18w\" sizes=\"auto, (max-width: 1024px) 100vw, 1024px\" \/><figcaption class=\"wp-element-caption\">Fredrik Broman<\/figcaption><\/figure>\n<\/div>\n\n\n<hr class=\"wp-block-separator has-alpha-channel-opacity\"\/>\n\n\n\n<p class=\"has-text-align-center\"><strong>Johan R\u00f6nndahl<\/strong><\/p>\n\n\n\n<p class=\"has-text-align-center\">Johan has practiced iaido since 2004 and is 5th dan iaido in the Kendo Federation. He has been a member of the national team for several years and has won several prizes at both the Swedish and European Championships. His koryu style is Muso Shinden Ryu (5th dan) and Toyama Ryu (2nd dan). Johan practices with sensei Matti Pajaujis 7th dan renshi.<\/p>\n\n\n<div class=\"wp-block-image\">\n<figure class=\"aligncenter size-large is-resized\"><img loading=\"lazy\" decoding=\"async\" width=\"916\" height=\"1024\" src=\"https:\/\/www.akiyama.dk\/wp-content\/uploads\/2025\/03\/Johan-916x1024.jpg\" alt=\"\" class=\"wp-image-623\" style=\"width:243px;height:auto\" srcset=\"https:\/\/www.akiyama.dk\/wp-content\/uploads\/2025\/03\/Johan-916x1024.jpg 916w, https:\/\/www.akiyama.dk\/wp-content\/uploads\/2025\/03\/Johan-268x300.jpg 268w, https:\/\/www.akiyama.dk\/wp-content\/uploads\/2025\/03\/Johan-768x859.jpg 768w, https:\/\/www.akiyama.dk\/wp-content\/uploads\/2025\/03\/Johan-1373x1536.jpg 1373w, https:\/\/www.akiyama.dk\/wp-content\/uploads\/2025\/03\/Johan-1831x2048.jpg 1831w, https:\/\/www.akiyama.dk\/wp-content\/uploads\/2025\/03\/Johan-11x12.jpg 11w\" sizes=\"auto, (max-width: 916px) 100vw, 916px\" \/><figcaption class=\"wp-element-caption\">Johan R\u00f6nndahl<\/figcaption><\/figure>\n<\/div>\n\n\n<hr class=\"wp-block-separator has-alpha-channel-opacity\"\/>\n\n\n\n<h2 class=\"wp-block-heading has-text-align-center\"><mark style=\"background-color:rgba(0, 0, 0, 0)\" class=\"has-inline-color has-blue-color\">April 2025<\/mark><\/h2>\n\n\n\n<hr class=\"wp-block-separator has-alpha-channel-opacity\"\/>\n\n\n\n<p class=\"has-text-align-center\"><strong>Ziemowit Domanski<\/strong><\/p>\n\n\n\n<p class=\"has-text-align-center\">Ziemowit has practiced since 2008 and is 5th dan Iaido, 5th dan Jodo and 2nd dan Kendo under the Kendo Federation. He has practiced in the Ume\u00e5 Kendo club (Sweden) and since 2009 under the tutelage of Adam Kitkowski Sensei in Pozna\u0144 (Poland). His iaido koryu style is Muso Shinden Ryu, and for Jodo it is Shinto Muso Ryu.<\/p>\n\n\n<div class=\"wp-block-image\">\n<figure class=\"aligncenter size-large is-resized\"><img loading=\"lazy\" decoding=\"async\" width=\"805\" height=\"1024\" src=\"https:\/\/www.akiyama.dk\/wp-content\/uploads\/2025\/03\/Ziemowit-805x1024.jpg\" alt=\"\" class=\"wp-image-634\" style=\"width:217px;height:auto\" srcset=\"https:\/\/www.akiyama.dk\/wp-content\/uploads\/2025\/03\/Ziemowit-805x1024.jpg 805w, https:\/\/www.akiyama.dk\/wp-content\/uploads\/2025\/03\/Ziemowit-236x300.jpg 236w, https:\/\/www.akiyama.dk\/wp-content\/uploads\/2025\/03\/Ziemowit-768x977.jpg 768w, https:\/\/www.akiyama.dk\/wp-content\/uploads\/2025\/03\/Ziemowit-9x12.jpg 9w, https:\/\/www.akiyama.dk\/wp-content\/uploads\/2025\/03\/Ziemowit.jpg 994w\" sizes=\"auto, (max-width: 805px) 100vw, 805px\" \/><figcaption class=\"wp-element-caption\">Ziemowit Domanski<\/figcaption><\/figure>\n<\/div>\n\n\n<hr class=\"wp-block-separator has-alpha-channel-opacity\"\/>\n\n\n\n<p class=\"has-text-align-center\"><strong>Laurens Loozen<\/strong><\/p>\n\n\n\n<p class=\"has-text-align-center\">Laurens holds 5th dan in Iaido and 3rd dan in Jodo in the kendo federation.<\/p>\n\n\n\n<hr class=\"wp-block-separator has-alpha-channel-opacity\"\/>\n\n\n\n<p class=\"has-text-align-center\"><strong>Caroline Lindholm<\/strong><\/p>\n\n\n\n<p class=\"has-text-align-center\">Caroline started iaido in 2003, became a dojo leader in 2004 (at 1st kyu) and currently holds 5th dan iaido in the Kendo Federation. After a long break, she picked jodo back up two years ago and currently holds 2nd dan jodo in the Kendo Federation. She also practices Muso Shinden Ryu under the tutelage of Watanabe Yukio-sensei (iaido 7th dan kyoshi). <\/p>\n\n\n<div class=\"wp-block-image\">\n<figure class=\"aligncenter size-full is-resized\"><img loading=\"lazy\" decoding=\"async\" width=\"474\" height=\"316\" src=\"https:\/\/www.akiyama.dk\/wp-content\/uploads\/2025\/03\/Caroline2.jpeg\" alt=\"\" class=\"wp-image-607\" style=\"width:384px;height:auto\" srcset=\"https:\/\/www.akiyama.dk\/wp-content\/uploads\/2025\/03\/Caroline2.jpeg 474w, https:\/\/www.akiyama.dk\/wp-content\/uploads\/2025\/03\/Caroline2-300x200.jpeg 300w, https:\/\/www.akiyama.dk\/wp-content\/uploads\/2025\/03\/Caroline2-18x12.jpeg 18w\" sizes=\"auto, (max-width: 474px) 100vw, 474px\" \/><figcaption class=\"wp-element-caption\">Caroline Lindholm<\/figcaption><\/figure>\n<\/div>\n\n\n<hr class=\"wp-block-separator has-alpha-channel-opacity\"\/>\n\n\n\n<p class=\"has-text-align-center\"><strong>Alex Prahl<\/strong><\/p>\n\n\n\n<p class=\"has-text-align-center\">Alex has practiced iaido for 20 years and is 5th dan iaido in the Kendo Federation. He is a student of Furuichi Norio sensei (Iaido 8th dan kyoshi), and his koryu style  is Muso Shinden Ryu. He practices with his own little training group in Fleckeby in the north of Germany.<\/p>\n\n\n<div class=\"wp-block-image\">\n<figure class=\"aligncenter size-large is-resized\"><img loading=\"lazy\" decoding=\"async\" width=\"1024\" height=\"554\" src=\"https:\/\/www.akiyama.dk\/wp-content\/uploads\/2025\/03\/IMG_8314-1024x554.jpeg\" alt=\"\" class=\"wp-image-619\" style=\"width:392px;height:auto\" srcset=\"https:\/\/www.akiyama.dk\/wp-content\/uploads\/2025\/03\/IMG_8314-1024x554.jpeg 1024w, https:\/\/www.akiyama.dk\/wp-content\/uploads\/2025\/03\/IMG_8314-300x162.jpeg 300w, https:\/\/www.akiyama.dk\/wp-content\/uploads\/2025\/03\/IMG_8314-768x416.jpeg 768w, https:\/\/www.akiyama.dk\/wp-content\/uploads\/2025\/03\/IMG_8314-1536x831.jpeg 1536w, https:\/\/www.akiyama.dk\/wp-content\/uploads\/2025\/03\/IMG_8314-2048x1108.jpeg 2048w, https:\/\/www.akiyama.dk\/wp-content\/uploads\/2025\/03\/IMG_8314-18x10.jpeg 18w\" sizes=\"auto, (max-width: 1024px) 100vw, 1024px\" \/><figcaption class=\"wp-element-caption\">Alex Prahl<\/figcaption><\/figure>\n<\/div>\n\n\n<hr class=\"wp-block-separator has-alpha-channel-opacity\"\/>\n\n\n\n<p class=\"has-text-align-center\"><strong>Johan R\u00f6nndahl<\/strong><\/p>\n\n\n\n<p class=\"has-text-align-center\">Johan has practiced iaido since 2004 and is 5th dan iaido in the Kendo Federation. He has been a member of the national team for several years and has won several prizes at both the Swedish and European Championships. His koryu style is Muso Shinden Ryu (5th dan) and Toyama Ryu (2nd dan). Johan practices with sensei Matti Pajaujis 7th dan renshi.<\/p>\n\n\n<div class=\"wp-block-image\">\n<figure class=\"aligncenter size-large is-resized\"><img loading=\"lazy\" decoding=\"async\" width=\"916\" height=\"1024\" src=\"https:\/\/www.akiyama.dk\/wp-content\/uploads\/2025\/03\/Johan-916x1024.jpg\" alt=\"\" class=\"wp-image-623\" style=\"width:243px;height:auto\" srcset=\"https:\/\/www.akiyama.dk\/wp-content\/uploads\/2025\/03\/Johan-916x1024.jpg 916w, https:\/\/www.akiyama.dk\/wp-content\/uploads\/2025\/03\/Johan-268x300.jpg 268w, https:\/\/www.akiyama.dk\/wp-content\/uploads\/2025\/03\/Johan-768x859.jpg 768w, https:\/\/www.akiyama.dk\/wp-content\/uploads\/2025\/03\/Johan-1373x1536.jpg 1373w, https:\/\/www.akiyama.dk\/wp-content\/uploads\/2025\/03\/Johan-1831x2048.jpg 1831w, https:\/\/www.akiyama.dk\/wp-content\/uploads\/2025\/03\/Johan-11x12.jpg 11w\" sizes=\"auto, (max-width: 916px) 100vw, 916px\" \/><figcaption class=\"wp-element-caption\">Johan R\u00f6nndahl<\/figcaption><\/figure>\n<\/div>\n\n\n<hr class=\"wp-block-separator has-alpha-channel-opacity\"\/>\n\n\n\n<p class=\"has-text-align-center\"><strong>Fredrik Broman<\/strong><\/p>\n\n\n\n<p class=\"has-text-align-center\">Fredrik is 4th dan iaido and 1st dan jodo in the Kendo Federation. He has practiced since 2006.<br>Fredrik's koryu style is Muso Shinden Ryu, which he practices under Momiyama Takao sensei and teaches in Malm\u00f6.<\/p>\n\n\n<div class=\"wp-block-image\">\n<figure class=\"aligncenter size-large is-resized\"><img loading=\"lazy\" decoding=\"async\" width=\"1024\" height=\"681\" src=\"https:\/\/www.akiyama.dk\/wp-content\/uploads\/2025\/03\/Fredrik-1024x681.jpeg\" alt=\"\" class=\"wp-image-640\" style=\"width:286px;height:auto\" srcset=\"https:\/\/www.akiyama.dk\/wp-content\/uploads\/2025\/03\/Fredrik-1024x681.jpeg 1024w, https:\/\/www.akiyama.dk\/wp-content\/uploads\/2025\/03\/Fredrik-300x200.jpeg 300w, https:\/\/www.akiyama.dk\/wp-content\/uploads\/2025\/03\/Fredrik-768x511.jpeg 768w, https:\/\/www.akiyama.dk\/wp-content\/uploads\/2025\/03\/Fredrik-1536x1022.jpeg 1536w, https:\/\/www.akiyama.dk\/wp-content\/uploads\/2025\/03\/Fredrik-2048x1363.jpeg 2048w, https:\/\/www.akiyama.dk\/wp-content\/uploads\/2025\/03\/Fredrik-18x12.jpeg 18w\" sizes=\"auto, (max-width: 1024px) 100vw, 1024px\" \/><figcaption class=\"wp-element-caption\">Fredrik Broman<\/figcaption><\/figure>\n<\/div>\n\n\n<p class=\"has-text-align-center\"><strong>We THANK the support of these instructors for the budding ZNKR disciplines in Denmark!<\/strong><\/p>\n\n\n\n<hr class=\"wp-block-separator has-alpha-channel-opacity\"\/>\n\n\n\n<h2 class=\"wp-block-heading has-text-align-center\"><mark style=\"background-color:rgba(0, 0, 0, 0)\" class=\"has-inline-color has-blue-color\">March 2024<\/mark><\/h2>\n\n\n\n<p class=\"has-text-align-center\"><strong>Jesper Waldest\u00e5l<\/strong><\/p>\n\n\n\n<p class=\"has-text-align-center\">Jesper is 6th dan in Iaido and 5th dan in Jodo in the Kendo Federation. He won the gold prize at the European Championships in 2023.<\/p>\n\n\n<div class=\"wp-block-image\">\n<figure class=\"aligncenter size-full is-resized\"><img loading=\"lazy\" decoding=\"async\" width=\"850\" height=\"567\" src=\"https:\/\/www.akiyama.dk\/wp-content\/uploads\/2024\/01\/Jesper-Waldestal-1.jpg\" alt=\"\" class=\"wp-image-314\" style=\"width:199px;height:auto\" srcset=\"https:\/\/www.akiyama.dk\/wp-content\/uploads\/2024\/01\/Jesper-Waldestal-1.jpg 850w, https:\/\/www.akiyama.dk\/wp-content\/uploads\/2024\/01\/Jesper-Waldestal-1-300x200.jpg 300w, https:\/\/www.akiyama.dk\/wp-content\/uploads\/2024\/01\/Jesper-Waldestal-1-768x512.jpg 768w, https:\/\/www.akiyama.dk\/wp-content\/uploads\/2024\/01\/Jesper-Waldestal-1-18x12.jpg 18w\" sizes=\"auto, (max-width: 850px) 100vw, 850px\" \/><\/figure>\n<\/div>\n\n\n<hr class=\"wp-block-separator has-alpha-channel-opacity\"\/>\n\n\n\n<p class=\"has-text-align-center\"><strong>Anna-Lena Waldest\u00e5l<\/strong><\/p>\n\n\n\n<p class=\"has-text-align-center\">Anna-Lena is 4th dan in Iaido and 4th dan in Jodo in the Kendo Federation. She competed in the the 4th dan section of the European Championships in 2023 and won gold at the Swedish National Championships in 2022.<\/p>\n\n\n<div class=\"wp-block-image\">\n<figure class=\"aligncenter size-full is-resized\"><img loading=\"lazy\" decoding=\"async\" width=\"869\" height=\"653\" src=\"https:\/\/www.akiyama.dk\/wp-content\/uploads\/2024\/01\/Anna-Lena-Waldestal-1.jpg\" alt=\"\" class=\"wp-image-315\" style=\"width:199px;height:auto\" srcset=\"https:\/\/www.akiyama.dk\/wp-content\/uploads\/2024\/01\/Anna-Lena-Waldestal-1.jpg 869w, https:\/\/www.akiyama.dk\/wp-content\/uploads\/2024\/01\/Anna-Lena-Waldestal-1-300x225.jpg 300w, https:\/\/www.akiyama.dk\/wp-content\/uploads\/2024\/01\/Anna-Lena-Waldestal-1-768x577.jpg 768w, https:\/\/www.akiyama.dk\/wp-content\/uploads\/2024\/01\/Anna-Lena-Waldestal-1-16x12.jpg 16w\" sizes=\"auto, (max-width: 869px) 100vw, 869px\" \/><\/figure>\n<\/div>\n\n\n<hr class=\"wp-block-separator has-alpha-channel-opacity\"\/>\n\n\n\n<p class=\"has-text-align-center\"><strong>Leif Sunje<\/strong><\/p>\n\n\n\n<p class=\"has-text-align-center\">Leif is 5th dan in Iaido and 1st dan in Jodo in the Kendo Federation. His has previously won the European Championship and won the bronze prize at the Swedish Championships in 2019. <\/p>\n\n\n<div class=\"wp-block-image\">\n<figure class=\"aligncenter size-full is-resized\"><img loading=\"lazy\" decoding=\"async\" width=\"340\" height=\"512\" src=\"https:\/\/www.akiyama.dk\/wp-content\/uploads\/2024\/01\/leif-sunje-1.jpg\" alt=\"\" class=\"wp-image-316\" style=\"width:200px;height:auto\" srcset=\"https:\/\/www.akiyama.dk\/wp-content\/uploads\/2024\/01\/leif-sunje-1.jpg 340w, https:\/\/www.akiyama.dk\/wp-content\/uploads\/2024\/01\/leif-sunje-1-199x300.jpg 199w, https:\/\/www.akiyama.dk\/wp-content\/uploads\/2024\/01\/leif-sunje-1-8x12.jpg 8w\" sizes=\"auto, (max-width: 340px) 100vw, 340px\" \/><\/figure>\n<\/div>","protected":false},"excerpt":{"rendered":"<p>Februar 2026 Rickard von Haugwitz Rickard er 5. dan i Iaido og 5. dan i Jodo i Kendoforbundet Caroline Lindholm Caroline begyndte at tr\u00e6ne iaido i 2003, og blev leder af en dojo i 2004 (med 1. kyu) og har p\u00e5 nuv\u00e6rende tidspunkt 5. dan i iaido i Kendoforbundet. Efter [&hellip;]<\/p>\n","protected":false},"author":1,"featured_media":0,"parent":0,"menu_order":0,"comment_status":"closed","ping_status":"closed","template":"","meta":{"footnotes":""},"class_list":["post-312","page","type-page","status-publish","hentry"],"_links":{"self":[{"href":"https:\/\/www.akiyama.dk\/en\/wp-json\/wp\/v2\/pages\/312","targetHints":{"allow":["GET"]}}],"collection":[{"href":"https:\/\/www.akiyama.dk\/en\/wp-json\/wp\/v2\/pages"}],"about":[{"href":"https:\/\/www.akiyama.dk\/en\/wp-json\/wp\/v2\/types\/page"}],"author":[{"embeddable":true,"href":"https:\/\/www.akiyama.dk\/en\/wp-json\/wp\/v2\/users\/1"}],"replies":[{"embeddable":true,"href":"https:\/\/www.akiyama.dk\/en\/wp-json\/wp\/v2\/comments?post=312"}],"version-history":[{"count":9,"href":"https:\/\/www.akiyama.dk\/en\/wp-json\/wp\/v2\/pages\/312\/revisions"}],"predecessor-version":[{"id":744,"href":"https:\/\/www.akiyama.dk\/en\/wp-json\/wp\/v2\/pages\/312\/revisions\/744"}],"wp:attachment":[{"href":"https:\/\/www.akiyama.dk\/en\/wp-json\/wp\/v2\/media?parent=312"}],"curies":[{"name":"wp","href":"https:\/\/api.w.org\/{rel}","templated":true}]}}