{"id":148,"date":"2023-10-02T16:56:24","date_gmt":"2023-10-02T14:56:24","guid":{"rendered":"https:\/\/www.akiyama.dk\/?page_id=148"},"modified":"2025-03-20T15:38:25","modified_gmt":"2025-03-20T14:38:25","slug":"shinto-muso-ryu-jodos-historie","status":"publish","type":"page","link":"https:\/\/www.akiyama.dk\/en\/shinto-muso-ryu-jodos-historie\/","title":{"rendered":"Shint\u00f4 Mus\u00f4 Jodo's history"},"content":{"rendered":"<div class=\"wp-block-cover aligncenter is-light\" style=\"min-height:185px;aspect-ratio:unset;\"><span aria-hidden=\"true\" class=\"wp-block-cover__background has-background-dim\"><\/span><img loading=\"lazy\" decoding=\"async\" width=\"374\" height=\"384\" class=\"wp-block-cover__image-background wp-image-177\" alt=\"\" src=\"https:\/\/www.akiyama.dk\/wp-content\/uploads\/2023\/10\/musogonnosuke.jpg\" data-object-fit=\"cover\" srcset=\"https:\/\/www.akiyama.dk\/wp-content\/uploads\/2023\/10\/musogonnosuke.jpg 374w, https:\/\/www.akiyama.dk\/wp-content\/uploads\/2023\/10\/musogonnosuke-292x300.jpg 292w\" sizes=\"auto, (max-width: 374px) 100vw, 374px\" \/><div class=\"wp-block-cover__inner-container is-layout-flow wp-block-cover-is-layout-flow\">\n<p class=\"has-text-align-center has-white-color has-text-color has-large-font-size\">Shint\u00f4 Mus\u00f4 Jodo's history<\/p>\n\n\n\n<p class=\"has-text-align-center has-white-color has-text-color\">Jodo's beginning<\/p>\n<\/div><\/div>\n\n\n\n<p><\/p>\n\n\n\n<p>Shint\u00f4 Mus\u00f4 Ry\u00fb blev grundlagt for omkring 400 \u00e5r siden, ca. \u00e5r 1605. Grundl\u00e6ggeren, Mus\u00f4 Gonnosuke Katsukichi, var en kriger som f\u00f8rst tr\u00e6nede Tenshin Sh\u00f4den Katori Shint\u00f4 Ry\u00fb, som var grundlagt af Lizasa Choisai Lenao. Her modtog Mus\u00f4 Gonnosuke titlen Menkyo (lov til at undervise).<\/p>\n\n\n\n<p><br>If\u00f8lge legenden havde Mus\u00f4 Gonnosuke begivet sig til Edo tidligt i Keich\u00f4 perioden (1596-1614). I denne tid fors\u00f8gte mange ber\u00f8mte\/berygtede krigere at overvinde ham, men han forblev ubesejret. En dag k\u00e6mpede han mod Miyamoto Musashi, nok den mest ber\u00f8mte kriger i Japansk historie. Gonnosuke vidste, at han havde m\u00f8dt sin ligemand da han erfarede, at han ikke kunne undslippe fra Musashis Jujidome teknik. Denne bev\u00e6gelse var hemmeligheden bag Musashis Niten Ichi Ry\u00fb og involverer l\u00e5sning af modstanderens v\u00e5ben i en X-formet blok ved hj\u00e6lp af samuraiens lange og korte sv\u00e6rd i kombination.<\/p>\n\n\n\n<p>Fordi han var besejret rejste Gonnosuke rundt i landet og studerede mange forskellige kampkunster ; han var fast besluttet p\u00e5 at blive st\u00e6rk nok til at kunne besejre Musashis Jujidome. Efter adskillige \u00e5r ankom han til provinsen Chikuzen p\u00e5 \u00f8en Kyushu og standsede i en by, som nu hedder Dazaifu  og ligger i Fukuoka. Her begr\u00e6nsede han sig selv i 37 dage ved Kamado alteret\/helgensgrav. <\/p>\n\n\n\n<p>En nat dr\u00f8mte han en dr\u00f8m hvor en guddommelig budbringer med et barns skikkelse sagde til ham &#8220;kend solarplexus med en rund pind&#8221;. Med denne himmelsendte besked i baghovedet skabte Gonnosuke et nyt v\u00e5ben. Det var en simpel pind, omkring 30 centimeter l\u00e6ngere end det almindelige japanske sv\u00e6rd. Mus\u00f4s pind var 128 centimeter lang og 26 mm i diameter. Dette v\u00e5ben kaldes i dag en J\u00f4.<\/p>\n\n\n\n<p>Gonnosuke fortsatte og udviklede teknikker til staven baseret p\u00e5 sin tidligere erfaring med \u00e6ldre v\u00e5ben. Han indarbejdede bev\u00e6gelser fra spyddet (Yari eller S\u00f4jutsu), de fejende bev\u00e6gelser fra hellebarden (Naginata eller Naginatajutsu), de vilde bev\u00e6gelser fra staven (B\u00f4 eller B\u00f4jutsu) og sv\u00e6rdet (Tachi eller Kenjutsu). Med dette nye v\u00e5ben og dets teknikker blev kunsten J\u00f4jutsu f\u00f8dt.<\/p>\n\n\n\n<p>Legenden siger, at Gonnosuke rejste tilbage for at konfrontere Musashi igen og sejrede. Her overkom han Jujidome og det siges, at han var den eneste der besejrede den legendariske Musashi. Mus\u00f4 Gonnosukes voksende omd\u00f8mme bragte ham opm\u00e6rksomhed fra Kuroda klanen i Fukuoka og han blev ansat til at instruere klanens krigere i J\u00f4jutsu.<\/p>\n\n\n\n<p>Gennem Gonnosukes levetid tildelte han undervisningslicenser til mere end ti af disse krigere. Disse krigere og deres efterf\u00f8lgere fortsatte traditionen inden for Kuroda klanen, der nidk\u00e6rt holdt p\u00e5 og gemte kampkunstens hemmeligheder som en klan tradition.<\/p>\n\n\n\n<figure class=\"wp-block-embed is-type-video is-provider-youtube wp-block-embed-youtube wp-embed-aspect-16-9 wp-has-aspect-ratio\"><div class=\"wp-block-embed__wrapper\">\n<iframe loading=\"lazy\" title=\"Jodo - Stavens v\u00e4g\" width=\"790\" height=\"444\" src=\"https:\/\/www.youtube.com\/embed\/1S2_5GjyVSE?feature=oembed\" frameborder=\"0\" allow=\"accelerometer; autoplay; clipboard-write; encrypted-media; gyroscope; picture-in-picture; web-share\" referrerpolicy=\"strict-origin-when-cross-origin\" allowfullscreen><\/iframe>\n<\/div><\/figure>","protected":false},"excerpt":{"rendered":"<p>Shint\u00f4 Mus\u00f4 Ry\u00fb blev grundlagt for omkring 400 \u00e5r siden, ca. \u00e5r 1605. Grundl\u00e6ggeren, Mus\u00f4 Gonnosuke Katsukichi, var en kriger som f\u00f8rst tr\u00e6nede Tenshin Sh\u00f4den Katori Shint\u00f4 Ry\u00fb, som var grundlagt af Lizasa Choisai Lenao. Her modtog Mus\u00f4 Gonnosuke titlen Menkyo (lov til at undervise). If\u00f8lge legenden havde Mus\u00f4 Gonnosuke [&hellip;]<\/p>\n","protected":false},"author":1,"featured_media":0,"parent":0,"menu_order":0,"comment_status":"closed","ping_status":"closed","template":"","meta":{"footnotes":""},"class_list":["post-148","page","type-page","status-publish","hentry"],"_links":{"self":[{"href":"https:\/\/www.akiyama.dk\/en\/wp-json\/wp\/v2\/pages\/148","targetHints":{"allow":["GET"]}}],"collection":[{"href":"https:\/\/www.akiyama.dk\/en\/wp-json\/wp\/v2\/pages"}],"about":[{"href":"https:\/\/www.akiyama.dk\/en\/wp-json\/wp\/v2\/types\/page"}],"author":[{"embeddable":true,"href":"https:\/\/www.akiyama.dk\/en\/wp-json\/wp\/v2\/users\/1"}],"replies":[{"embeddable":true,"href":"https:\/\/www.akiyama.dk\/en\/wp-json\/wp\/v2\/comments?post=148"}],"version-history":[{"count":10,"href":"https:\/\/www.akiyama.dk\/en\/wp-json\/wp\/v2\/pages\/148\/revisions"}],"predecessor-version":[{"id":611,"href":"https:\/\/www.akiyama.dk\/en\/wp-json\/wp\/v2\/pages\/148\/revisions\/611"}],"wp:attachment":[{"href":"https:\/\/www.akiyama.dk\/en\/wp-json\/wp\/v2\/media?parent=148"}],"curies":[{"name":"wp","href":"https:\/\/api.w.org\/{rel}","templated":true}]}}