{"id":135,"date":"2023-10-02T16:26:26","date_gmt":"2023-10-02T14:26:26","guid":{"rendered":"https:\/\/www.akiyama.dk\/?page_id=135"},"modified":"2025-09-10T16:01:33","modified_gmt":"2025-09-10T14:01:33","slug":"traenings-information","status":"publish","type":"page","link":"https:\/\/www.akiyama.dk\/en\/traenings-information\/","title":{"rendered":"Training information"},"content":{"rendered":"<div class=\"wp-block-cover is-light\" style=\"min-height:209px;aspect-ratio:unset;\"><img loading=\"lazy\" decoding=\"async\" width=\"2000\" height=\"822\" class=\"wp-block-cover__image-background wp-image-164\" alt=\"\" src=\"https:\/\/www.akiyama.dk\/wp-content\/uploads\/2023\/10\/vissenbjerg-ikc-front-2000x822-1.jpg\" data-object-fit=\"cover\" srcset=\"https:\/\/www.akiyama.dk\/wp-content\/uploads\/2023\/10\/vissenbjerg-ikc-front-2000x822-1.jpg 2000w, https:\/\/www.akiyama.dk\/wp-content\/uploads\/2023\/10\/vissenbjerg-ikc-front-2000x822-1-300x123.jpg 300w, https:\/\/www.akiyama.dk\/wp-content\/uploads\/2023\/10\/vissenbjerg-ikc-front-2000x822-1-1024x421.jpg 1024w, https:\/\/www.akiyama.dk\/wp-content\/uploads\/2023\/10\/vissenbjerg-ikc-front-2000x822-1-768x316.jpg 768w, https:\/\/www.akiyama.dk\/wp-content\/uploads\/2023\/10\/vissenbjerg-ikc-front-2000x822-1-1536x631.jpg 1536w\" sizes=\"auto, (max-width: 2000px) 100vw, 2000px\" \/><span aria-hidden=\"true\" class=\"wp-block-cover__background has-background-dim\"><\/span><div class=\"wp-block-cover__inner-container is-layout-flow wp-block-cover-is-layout-flow\">\n<p class=\"has-text-align-center has-white-color has-text-color has-large-font-size\">Training information<\/p>\n\n\n\n<p class=\"has-text-align-center has-white-color has-text-color\">Who, what, where, and when?<\/p>\n<\/div><\/div>\n\n\n\n<p><\/p>\n\n\n\n<h2 class=\"wp-block-heading\">Place and time<\/h2>\n\n\n\n<p>We train at Vissenbjerg Sports &amp; Culture Center. The address is: Idr\u00e6tsvej 3, 5492 Vissenbjerg.<\/p>\n\n\n\n<p><strong>Training times:<\/strong><\/p>\n\n\n\n<ul class=\"wp-block-list\">\n<li>Sunday at 09:00-10:15 in the yoga room.<\/li>\n\n\n\n<li>Tuesday at 19:00-20:30 in the yoga room<\/li>\n<\/ul>\n\n\n\n<p><strong>Notice:<\/strong> Da der kan finde aflysninger sted, er det en god id\u00e9 at henvende sig p\u00e5 mail eller telefon, inden man kommer til en pr\u00f8vetime. Efter indmelding kan man blive medlem af klubbens facebook-gruppe, hvor der er information om&nbsp;ekstratr\u00e6ninger og aflysninger.&nbsp;<\/p>\n\n\n\n<p>There is also practice in \u00c5rhus on Mondays at 19:00-21:00. Contact Solveig for further information.<\/p>\n\n\n\n<h2 class=\"wp-block-heading\">Prices:<\/h2>\n\n\n\n<ul class=\"wp-block-list\">\n<li>Adults (18 and above): DKK 300 \/ quarter<\/li>\n\n\n\n<li>Young people (between 15 and 18 years): DKK 150 per quarter<\/li>\n\n\n\n<li>Registration: DKK 100,- (one-time expense)<\/li>\n<\/ul>\n\n\n\n<p>Enrol through Vissenbjerg Budokai. Non-active people can maintain a passive membership (DKK 50\/quarter) in case of e.g. travel. This should be agreed with the accountant.<\/p>\n\n\n\n<p>You pay as an adult from the first quarter after you turn 18.<\/p>\n\n\n\n<figure class=\"wp-block-embed is-type-video is-provider-youtube wp-block-embed-youtube wp-embed-aspect-16-9 wp-has-aspect-ratio\"><div class=\"wp-block-embed__wrapper\">\n<iframe loading=\"lazy\" title=\"EJF Summer Gasshuku, K\u00e1cov 2024\" width=\"790\" height=\"444\" src=\"https:\/\/www.youtube.com\/embed\/WbIYtG2cbv0?feature=oembed\" frameborder=\"0\" allow=\"accelerometer; autoplay; clipboard-write; encrypted-media; gyroscope; picture-in-picture; web-share\" referrerpolicy=\"strict-origin-when-cross-origin\" allowfullscreen><\/iframe>\n<\/div><\/figure>\n\n\n\n<h2 class=\"wp-block-heading\">Try it out!<\/h2>\n\n\n\n<p>If you think it looks exciting, feel free to visit us and have a trial lesson. Write an email to <strong>akiyamadk(@)protonmail.com<\/strong> so we can make an arrangement.<\/p>\n\n\n\n<p>There are facilities to change and bathe available.<\/p>\n\n\n\n<p><strong>Requirements of you<\/strong><\/p>\n\n\n\n<ul class=\"wp-block-list\">\n<li>You must be able to follow collective instructions to the team and be able to receive constructive criticism.<\/li>\n\n\n\n<li>You should be able to function in a quiet enviroment without talking all the time.<\/li>\n\n\n\n<li>You should show respect to the dojo, the teacher, and the other students.<\/li>\n<\/ul>\n\n\n\n<p>Jo is a budo (a martial art) and we follow Japanese tradition regarding etiquette and behavior. This is why we bow respectfully to each other to greet and to indicate we're ready to practice. The dojo (practice hall) is divided into areas so that one always knows where to stand. This is true for Jodo anywhere in the world. Of course, you'll learn this along the way.<\/p>\n\n\n\n<p><\/p>","protected":false},"excerpt":{"rendered":"<p>Sted og tid Vi tr\u00e6ner hos Vissenbjerg Idr\u00e6ts- &amp; kulturcenter. Adressen er: Idr\u00e6tsvej 3, 5492 Vissenbjerg. Tr\u00e6ningstider: BEM\u00c6RK: Da der kan finde aflysninger sted, er det en god id\u00e9 at henvende sig p\u00e5 mail eller telefon, inden man kommer til en pr\u00f8vetime. Efter indmelding kan man blive medlem af klubbens [&hellip;]<\/p>\n","protected":false},"author":1,"featured_media":0,"parent":0,"menu_order":0,"comment_status":"closed","ping_status":"closed","template":"","meta":{"footnotes":""},"class_list":["post-135","page","type-page","status-publish","hentry"],"_links":{"self":[{"href":"https:\/\/www.akiyama.dk\/en\/wp-json\/wp\/v2\/pages\/135","targetHints":{"allow":["GET"]}}],"collection":[{"href":"https:\/\/www.akiyama.dk\/en\/wp-json\/wp\/v2\/pages"}],"about":[{"href":"https:\/\/www.akiyama.dk\/en\/wp-json\/wp\/v2\/types\/page"}],"author":[{"embeddable":true,"href":"https:\/\/www.akiyama.dk\/en\/wp-json\/wp\/v2\/users\/1"}],"replies":[{"embeddable":true,"href":"https:\/\/www.akiyama.dk\/en\/wp-json\/wp\/v2\/comments?post=135"}],"version-history":[{"count":10,"href":"https:\/\/www.akiyama.dk\/en\/wp-json\/wp\/v2\/pages\/135\/revisions"}],"predecessor-version":[{"id":722,"href":"https:\/\/www.akiyama.dk\/en\/wp-json\/wp\/v2\/pages\/135\/revisions\/722"}],"wp:attachment":[{"href":"https:\/\/www.akiyama.dk\/en\/wp-json\/wp\/v2\/media?parent=135"}],"curies":[{"name":"wp","href":"https:\/\/api.w.org\/{rel}","templated":true}]}}